{"id":6602,"date":"2025-06-18T14:59:24","date_gmt":"2025-06-18T12:59:24","guid":{"rendered":"https:\/\/vegaqura.com\/hazte-socio\/"},"modified":"2026-01-09T09:43:56","modified_gmt":"2026-01-09T08:43:56","slug":"hazte-socio","status":"publish","type":"page","link":"https:\/\/vegaqura.com\/es\/hazte-socio\/","title":{"rendered":"Hazte socio"},"content":{"rendered":"\t\t<div data-elementor-type=\"wp-page\" data-elementor-id=\"6602\" class=\"elementor elementor-6602 elementor-4482\" data-elementor-post-type=\"page\">\n\t\t\t\t<div class=\"elementor-element elementor-element-e0efaaa e-flex e-con-boxed e-con e-parent\" data-id=\"e0efaaa\" data-element_type=\"container\" data-settings=\"{&quot;background_background&quot;:&quot;classic&quot;}\">\n\t\t\t\t\t<div class=\"e-con-inner\">\n\t\t<div class=\"elementor-element elementor-element-ad60b62 e-con-full e-flex e-con e-child\" data-id=\"ad60b62\" data-element_type=\"container\">\n\t\t<div class=\"elementor-element elementor-element-b48a07f e-con-full e-flex e-con e-child\" data-id=\"b48a07f\" data-element_type=\"container\" data-settings=\"{&quot;background_background&quot;:&quot;classic&quot;}\">\n\t\t\t\t<\/div>\n\t\t\t\t<div class=\"elementor-element elementor-element-d37e5b9 elementor-widget elementor-widget-heading\" data-id=\"d37e5b9\" data-element_type=\"widget\" data-widget_type=\"heading.default\">\n\t\t\t\t<div class=\"elementor-widget-container\">\n\t\t\t\t\t<h1 class=\"elementor-heading-title elementor-size-default\">Hazte socio de VegaQura<\/h1>\t\t\t\t<\/div>\n\t\t\t\t<\/div>\n\t\t\t\t<\/div>\n\t\t\t\t\t<\/div>\n\t\t\t\t<\/div>\n\t\t<div class=\"elementor-element elementor-element-881091d e-flex e-con-boxed e-con e-parent\" data-id=\"881091d\" data-element_type=\"container\">\n\t\t\t\t\t<div class=\"e-con-inner\">\n\t\t<div class=\"elementor-element elementor-element-63cf68b e-con-full e-flex e-con e-child\" data-id=\"63cf68b\" data-element_type=\"container\">\n\t\t\t\t<div class=\"elementor-element elementor-element-69e5d46 elementor-widget elementor-widget-heading\" data-id=\"69e5d46\" data-element_type=\"widget\" data-widget_type=\"heading.default\">\n\t\t\t\t<div class=\"elementor-widget-container\">\n\t\t\t\t\t<h2 class=\"elementor-heading-title elementor-size-default\">Inspira vidas sanas y gana<\/h2>\t\t\t\t<\/div>\n\t\t\t\t<\/div>\n\t\t<div class=\"elementor-element elementor-element-a9991a8 e-con-full e-flex e-con e-child\" data-id=\"a9991a8\" data-element_type=\"container\">\n\t\t\t\t<div class=\"elementor-element elementor-element-cbdf9e0 elementor-widget elementor-widget-text-editor\" data-id=\"cbdf9e0\" data-element_type=\"widget\" data-widget_type=\"text-editor.default\">\n\t\t\t\t<div class=\"elementor-widget-container\">\n\t\t\t\t\t\t\t\t\t<p>\u00bfTe apasionan la salud, la vitalidad y los suplementos naturales? Entonces \u00fanete al <a href=\"https:\/\/vegaqura.com\/affiliate-home\/affiliate-register\/\"><strong>Programa de Afiliados VegaQura<\/strong><\/a> y gana una atractiva comisi\u00f3n promocionando nuestros productos de alta calidad. Tanto si eres terapeuta, entrenador de salud, influencer, bloguero o simplemente un usuario entusiasta, hacemos que trabajar juntos sea f\u00e1cil e interesante.  <\/p>\t\t\t\t\t\t\t\t<\/div>\n\t\t\t\t<\/div>\n\t\t\t\t<div class=\"elementor-element elementor-element-0901b10 elementor-widget elementor-widget-heading\" data-id=\"0901b10\" data-element_type=\"widget\" data-widget_type=\"heading.default\">\n\t\t\t\t<div class=\"elementor-widget-container\">\n\t\t\t\t\t<h2 class=\"elementor-heading-title elementor-size-default\">\u00bfQu\u00e9 te ofrecemos?<\/h2>\t\t\t\t<\/div>\n\t\t\t\t<\/div>\n\t\t\t\t<div class=\"elementor-element elementor-element-f1c6379 elementor-widget elementor-widget-text-editor\" data-id=\"f1c6379\" data-element_type=\"widget\" data-widget_type=\"text-editor.default\">\n\t\t\t\t<div class=\"elementor-widget-container\">\n\t\t\t\t\t\t\t\t\t<p>\u2705 <strong>15% de comisi\u00f3n<\/strong> a trav\u00e9s de tu enlace personal de afiliado o c\u00f3digo de descuento<br>\u2705 <strong>10% de c\u00f3digo de descuento<\/strong> que puedes compartir con tu red<br>\u2705 <strong>Contenido de alta calidad<\/strong>: banners, fotos de productos y textos que puedes utilizar inmediatamente<br>\u2705 <strong>Pago mensual<\/strong> de tus ganancias<br>\u2705 <strong>Soporte<\/strong> sobre nuestros productos<\/p>\t\t\t\t\t\t\t\t<\/div>\n\t\t\t\t<\/div>\n\t\t\t\t<\/div>\n\t\t\t\t<\/div>\n\t\t<div class=\"elementor-element elementor-element-0cbaa99 e-con-full e-flex e-con e-child\" data-id=\"0cbaa99\" data-element_type=\"container\">\n\t\t<div class=\"elementor-element elementor-element-8b76fca e-con-full e-flex e-con e-child\" data-id=\"8b76fca\" data-element_type=\"container\">\n\t\t<div class=\"elementor-element elementor-element-7def13f e-con-full bg-img e-flex e-con e-child\" data-id=\"7def13f\" data-element_type=\"container\">\n\t\t\t\t<div class=\"elementor-element elementor-element-4d29757 elementor-widget elementor-widget-image\" data-id=\"4d29757\" data-element_type=\"widget\" data-widget_type=\"image.default\">\n\t\t\t\t<div class=\"elementor-widget-container\">\n\t\t\t\t\t\t\t\t\t\t\t\t\t\t\t<img fetchpriority=\"high\" decoding=\"async\" width=\"800\" height=\"438\" src=\"https:\/\/vegaqura.com\/wp-content\/uploads\/2024\/11\/Image-1-1024x560.png\" class=\"attachment-large size-large wp-image-459\" alt=\"\" srcset=\"https:\/\/vegaqura.com\/wp-content\/uploads\/2024\/11\/Image-1-1024x560.png 1024w, https:\/\/vegaqura.com\/wp-content\/uploads\/2024\/11\/Image-1-600x328.png 600w, https:\/\/vegaqura.com\/wp-content\/uploads\/2024\/11\/Image-1-300x164.png 300w, https:\/\/vegaqura.com\/wp-content\/uploads\/2024\/11\/Image-1-768x420.png 768w, https:\/\/vegaqura.com\/wp-content\/uploads\/2024\/11\/Image-1.png 1170w\" sizes=\"(max-width: 800px) 100vw, 800px\" \/>\t\t\t\t\t\t\t\t\t\t\t\t\t\t\t<\/div>\n\t\t\t\t<\/div>\n\t\t\t\t<\/div>\n\t\t<div class=\"elementor-element elementor-element-4e2a88f e-con-full e-flex e-con e-child\" data-id=\"4e2a88f\" data-element_type=\"container\" data-settings=\"{&quot;background_background&quot;:&quot;classic&quot;}\">\n\t\t<div class=\"elementor-element elementor-element-22dd7c4 e-con-full e-flex e-con e-child\" data-id=\"22dd7c4\" data-element_type=\"container\">\n\t\t\t\t<div class=\"elementor-element elementor-element-42f2a85 elementor-widget elementor-widget-heading\" data-id=\"42f2a85\" data-element_type=\"widget\" data-widget_type=\"heading.default\">\n\t\t\t\t<div class=\"elementor-widget-container\">\n\t\t\t\t\t<h2 class=\"elementor-heading-title elementor-size-default\">\u00bfPara qui\u00e9n es adecuado?<\/h2>\t\t\t\t<\/div>\n\t\t\t\t<\/div>\n\t\t\t\t<div class=\"elementor-element elementor-element-93995de elementor-widget elementor-widget-text-editor\" data-id=\"93995de\" data-element_type=\"widget\" data-widget_type=\"text-editor.default\">\n\t\t\t\t<div class=\"elementor-widget-container\">\n\t\t\t\t\t\t\t\t\t<p>El Programa de Afiliaci\u00f3n de VegaQura es perfecto para:<\/p><ul><li>Terapeutas y profesionales sanitarios<\/li><li>  Blogueros de salud y personas influyentes<\/li><li>Entrenadores en estilo de vida, nutrici\u00f3n o vitalidad<\/li><li>Propietarios de tiendas web y creadores de contenidos<\/li><li>Usuarios entusiastas con una red relevante<\/li><\/ul><p><br>Tanto si eres activo en Internet como si est\u00e1s en contacto personal con los clientes, te ayudamos a ofrecer y ganar valor a\u00f1adido de forma natural.<\/p>\t\t\t\t\t\t\t\t<\/div>\n\t\t\t\t<\/div>\n\t\t\t\t<\/div>\n\t\t\t\t<\/div>\n\t\t\t\t<\/div>\n\t\t\t\t<\/div>\n\t\t<div class=\"elementor-element elementor-element-a20f7b6 e-con-full e-flex e-con e-child\" data-id=\"a20f7b6\" data-element_type=\"container\">\n\t\t<div class=\"elementor-element elementor-element-af9a1ed e-con-full e-flex e-con e-child\" data-id=\"af9a1ed\" data-element_type=\"container\">\n\t\t<div class=\"elementor-element elementor-element-110da03 e-con-full e-flex e-con e-child\" data-id=\"110da03\" data-element_type=\"container\">\n\t\t<div class=\"elementor-element elementor-element-8416b47 e-con-full e-flex e-con e-child\" data-id=\"8416b47\" data-element_type=\"container\">\n\t\t\t\t<div class=\"elementor-element elementor-element-eeb826f elementor-widget__width-initial elementor-widget elementor-widget-image\" data-id=\"eeb826f\" data-element_type=\"widget\" data-widget_type=\"image.default\">\n\t\t\t\t<div class=\"elementor-widget-container\">\n\t\t\t\t\t\t\t\t\t\t\t\t\t\t\t<img decoding=\"async\" width=\"570\" height=\"304\" src=\"https:\/\/vegaqura.com\/wp-content\/uploads\/2024\/11\/Image-4.png\" class=\"attachment-large size-large wp-image-468\" alt=\"\" srcset=\"https:\/\/vegaqura.com\/wp-content\/uploads\/2024\/11\/Image-4.png 570w, https:\/\/vegaqura.com\/wp-content\/uploads\/2024\/11\/Image-4-300x160.png 300w\" sizes=\"(max-width: 570px) 100vw, 570px\" \/>\t\t\t\t\t\t\t\t\t\t\t\t\t\t\t<\/div>\n\t\t\t\t<\/div>\n\t\t\t\t<\/div>\n\t\t\t\t<\/div>\n\t\t<div class=\"elementor-element elementor-element-c324755 e-con-full e-flex e-con e-child\" data-id=\"c324755\" data-element_type=\"container\" data-settings=\"{&quot;background_background&quot;:&quot;classic&quot;}\">\n\t\t<div class=\"elementor-element elementor-element-d7d477f e-con-full e-flex e-con e-child\" data-id=\"d7d477f\" data-element_type=\"container\">\n\t\t\t\t<div class=\"elementor-element elementor-element-59d41c9 elementor-widget elementor-widget-heading\" data-id=\"59d41c9\" data-element_type=\"widget\" data-widget_type=\"heading.default\">\n\t\t\t\t<div class=\"elementor-widget-container\">\n\t\t\t\t\t<h2 class=\"elementor-heading-title elementor-size-default\">\u00bfC\u00f3mo funciona?  <\/h2>\t\t\t\t<\/div>\n\t\t\t\t<\/div>\n\t\t\t\t<div class=\"elementor-element elementor-element-039dd71 elementor-widget elementor-widget-text-editor\" data-id=\"039dd71\" data-element_type=\"widget\" data-widget_type=\"text-editor.default\">\n\t\t\t\t<div class=\"elementor-widget-container\">\n\t\t\t\t\t\t\t\t\t<ol><li>Reg\u00edstrate a trav\u00e9s de nuestra plataforma de afiliados<\/li><li>Recibe tu enlace \u00fanico de afiliado y\/o c\u00f3digo de descuento<\/li><li>Comparte VegaQura con tu red<\/li><li>Gana comisiones en cada pedido a trav\u00e9s de tu enlace o c\u00f3digo<\/li><\/ol>\t\t\t\t\t\t\t\t<\/div>\n\t\t\t\t<\/div>\n\t\t\t\t<\/div>\n\t\t\t\t<\/div>\n\t\t\t\t<\/div>\n\t\t\t\t<\/div>\n\t\t<div class=\"elementor-element elementor-element-c333ff9 e-con-full e-flex e-con e-child\" data-id=\"c333ff9\" data-element_type=\"container\">\n\t\t\t\t<div class=\"elementor-element elementor-element-0521758 elementor-widget elementor-widget-heading\" data-id=\"0521758\" data-element_type=\"widget\" data-widget_type=\"heading.default\">\n\t\t\t\t<div class=\"elementor-widget-container\">\n\t\t\t\t\t<h2 class=\"elementor-heading-title elementor-size-default\">Elige tu modelo de ingresos<\/h2>\t\t\t\t<\/div>\n\t\t\t\t<\/div>\n\t\t<div class=\"elementor-element elementor-element-88b0bd8 e-con-full e-flex e-con e-child\" data-id=\"88b0bd8\" data-element_type=\"container\">\n\t\t\t\t<div class=\"elementor-element elementor-element-0c1ae90 elementor-widget elementor-widget-text-editor\" data-id=\"0c1ae90\" data-element_type=\"widget\" data-widget_type=\"text-editor.default\">\n\t\t\t\t<div class=\"elementor-widget-container\">\n\t\t\t\t\t\t\t\t\t<p>T\u00fa decides c\u00f3mo recibir\u00e1s la comisi\u00f3n:<\/p>\t\t\t\t\t\t\t\t<\/div>\n\t\t\t\t<\/div>\n\t\t\t\t<div class=\"elementor-element elementor-element-993d7dd elementor-widget elementor-widget-heading\" data-id=\"993d7dd\" data-element_type=\"widget\" data-widget_type=\"heading.default\">\n\t\t\t\t<div class=\"elementor-widget-container\">\n\t\t\t\t\t<h3 class=\"elementor-heading-title elementor-size-default\">Opci\u00f3n 1: A trav\u00e9s de tu enlace de afiliado<\/h3>\t\t\t\t<\/div>\n\t\t\t\t<\/div>\n\t\t\t\t<div class=\"elementor-element elementor-element-a279cb2 elementor-widget elementor-widget-text-editor\" data-id=\"a279cb2\" data-element_type=\"widget\" data-widget_type=\"text-editor.default\">\n\t\t\t\t<div class=\"elementor-widget-container\">\n\t\t\t\t\t\t\t\t\t<p>&#8211; Comparte tu enlace \u00fanico<br>&#8211; Recibir\u00e1s <strong>un 15% de comisi\u00f3n<\/strong> sobre todas las compras realizadas a trav\u00e9s de ese enlace<br>&#8211; El cliente tambi\u00e9n puede utilizar tu c\u00f3digo de descuento del 10%.<\/p>\t\t\t\t\t\t\t\t<\/div>\n\t\t\t\t<\/div>\n\t\t\t\t<div class=\"elementor-element elementor-element-ba07fa7 elementor-widget elementor-widget-heading\" data-id=\"ba07fa7\" data-element_type=\"widget\" data-widget_type=\"heading.default\">\n\t\t\t\t<div class=\"elementor-widget-container\">\n\t\t\t\t\t<h3 class=\"elementor-heading-title elementor-size-default\">Opci\u00f3n 2: A trav\u00e9s de tu c\u00f3digo de descuento<\/h3>\t\t\t\t<\/div>\n\t\t\t\t<\/div>\n\t\t\t\t<div class=\"elementor-element elementor-element-b9130e5 elementor-widget elementor-widget-text-editor\" data-id=\"b9130e5\" data-element_type=\"widget\" data-widget_type=\"text-editor.default\">\n\t\t\t\t<div class=\"elementor-widget-container\">\n\t\t\t\t\t\t\t\t\t<p>&#8211; Comparte s\u00f3lo tu c\u00f3digo de descuento exclusivo<br>&#8211; Recibir\u00e1s <strong>un 15% de comisi\u00f3n<\/strong> en todas las compras que utilicen este c\u00f3digo<br>&#8211; No se requiere seguimiento mediante enlace<\/p>\t\t\t\t\t\t\t\t<\/div>\n\t\t\t\t<\/div>\n\t\t\t\t<div class=\"elementor-element elementor-element-063a608 elementor-widget elementor-widget-text-editor\" data-id=\"063a608\" data-element_type=\"widget\" data-widget_type=\"text-editor.default\">\n\t\t\t\t<div class=\"elementor-widget-container\">\n\t\t\t\t\t\t\t\t\t<p>El cambio de modelo es posible previo acuerdo.<\/p>\t\t\t\t\t\t\t\t<\/div>\n\t\t\t\t<\/div>\n\t\t\t\t<div class=\"elementor-element elementor-element-c6e00f6 elementor-widget elementor-widget-heading\" data-id=\"c6e00f6\" data-element_type=\"widget\" data-widget_type=\"heading.default\">\n\t\t\t\t<div class=\"elementor-widget-container\">\n\t\t\t\t\t<h3 class=\"elementor-heading-title elementor-size-default\">Ventaja empresarial: compra al por mayor para profesionales<\/h3>\t\t\t\t<\/div>\n\t\t\t\t<\/div>\n\t\t\t\t<div class=\"elementor-element elementor-element-b28ae72 elementor-widget elementor-widget-text-editor\" data-id=\"b28ae72\" data-element_type=\"widget\" data-widget_type=\"text-editor.default\">\n\t\t\t\t<div class=\"elementor-widget-container\">\n\t\t\t\t\t\t\t\t\t<p>\u00bfTrabajas como terapeuta, minorista o distribuidor? Entonces tambi\u00e9n puedes beneficiarte de nuestro <strong>programa de compras al por mayor<\/strong>: <\/p><p> <\/p><p><strong>Valor m\u00ednimo del pedido<\/strong>: 1.500 euros <br><strong>Condiciones<\/strong>: empresa registrada con el n\u00famero de la C\u00e1mara de Comercio<br><strong>Pago<\/strong>: por factura, por adelantado<br><strong>Ventaja<\/strong>: atractivo descuento por cantidad (porcentaje a petici\u00f3n)<\/p>\t\t\t\t\t\t\t\t<\/div>\n\t\t\t\t<\/div>\n\t\t\t\t<div class=\"elementor-element elementor-element-d1bd903 elementor-widget elementor-widget-heading\" data-id=\"d1bd903\" data-element_type=\"widget\" data-widget_type=\"heading.default\">\n\t\t\t\t<div class=\"elementor-widget-container\">\n\t\t\t\t\t<h3 class=\"elementor-heading-title elementor-size-default\">\u00bfListo para el lanzamiento?<\/h3>\t\t\t\t<\/div>\n\t\t\t\t<\/div>\n\t\t\t\t<div class=\"elementor-element elementor-element-e2f16d0 elementor-widget elementor-widget-text-editor\" data-id=\"e2f16d0\" data-element_type=\"widget\" data-widget_type=\"text-editor.default\">\n\t\t\t\t<div class=\"elementor-widget-container\">\n\t\t\t\t\t\t\t\t\t<p>\u00danete al Programa de Afiliados de VegaQura y combina tu pasi\u00f3n por la salud con una fuente adicional de ingresos.<\/p><p> <\/p><p>Solic\u00edtalo a trav\u00e9s de: <a href=\"https:\/\/vegaqura.com\/affiliate-home\/affiliate-register\/\">el formulario<\/a>.<\/p><p><br>\u00bfTienes preguntas o quieres chispear sobre las posibilidades? Env\u00edanos un correo electr\u00f3nico a <strong>affiliate@vegaqura.com<\/strong> <\/p><p>Juntos estamos construyendo un mundo m\u00e1s vital.<\/p>\t\t\t\t\t\t\t\t<\/div>\n\t\t\t\t<\/div>\n\t\t\t\t<\/div>\n\t\t\t\t<\/div>\n\t\t<div class=\"elementor-element elementor-element-5c689a0 e-flex e-con-boxed e-con e-child\" data-id=\"5c689a0\" data-element_type=\"container\" data-settings=\"{&quot;background_background&quot;:&quot;classic&quot;}\">\n\t\t\t\t\t<div class=\"e-con-inner\">\n\t\t<div class=\"elementor-element elementor-element-3d4008c e-flex e-con-boxed e-con e-child\" data-id=\"3d4008c\" data-element_type=\"container\">\n\t\t\t\t\t<div class=\"e-con-inner\">\n\t\t<div class=\"elementor-element elementor-element-ca04a15 e-con-full e-flex e-con e-child\" data-id=\"ca04a15\" data-element_type=\"container\">\n\t\t\t\t<div class=\"elementor-element elementor-element-0577afe elementor-widget elementor-widget-heading\" data-id=\"0577afe\" data-element_type=\"widget\" data-widget_type=\"heading.default\">\n\t\t\t\t<div class=\"elementor-widget-container\">\n\t\t\t\t\t<h2 class=\"elementor-heading-title elementor-size-default\">Ver tambi\u00e9n<\/h2>\t\t\t\t<\/div>\n\t\t\t\t<\/div>\n\t\t\t\t<\/div>\n\t\t<div class=\"elementor-element elementor-element-9f4a20a e-grid e-con-full e-con e-child\" data-id=\"9f4a20a\" data-element_type=\"container\">\n\t\t<a class=\"elementor-element elementor-element-2cde6d6 e-con-full e-flex e-con e-child\" data-id=\"2cde6d6\" data-element_type=\"container\" data-settings=\"{&quot;background_background&quot;:&quot;classic&quot;}\" href=\"https:\/\/vegaqura.com\/es\/resumen-del-producto\/\">\n\t\t\t\t<div class=\"elementor-element elementor-element-af24bc3 elementor-widget elementor-widget-heading\" data-id=\"af24bc3\" data-element_type=\"widget\" data-widget_type=\"heading.default\">\n\t\t\t\t<div class=\"elementor-widget-container\">\n\t\t\t\t\t<h3 class=\"elementor-heading-title elementor-size-default\">Nuestros productos<\/h3>\t\t\t\t<\/div>\n\t\t\t\t<\/div>\n\t\t\t\t<div class=\"elementor-element elementor-element-d717e0a elementor-view-default elementor-widget elementor-widget-icon\" data-id=\"d717e0a\" data-element_type=\"widget\" data-widget_type=\"icon.default\">\n\t\t\t\t<div class=\"elementor-widget-container\">\n\t\t\t\t\t\t\t<div class=\"elementor-icon-wrapper\">\n\t\t\t<div class=\"elementor-icon\">\n\t\t\t<svg xmlns=\"http:\/\/www.w3.org\/2000\/svg\" width=\"20\" height=\"20\" viewBox=\"0 0 20 20\" fill=\"none\"><path fill-rule=\"evenodd\" clip-rule=\"evenodd\" d=\"M7.29289 4.29289C7.65338 3.93241 8.22061 3.90468 8.6129 4.2097L8.70711 4.29289L13.7071 9.29289C14.0676 9.65338 14.0953 10.2206 13.7903 10.6129L13.7071 10.7071L8.70711 15.7071C8.31658 16.0976 7.68342 16.0976 7.29289 15.7071C6.93241 15.3466 6.90468 14.7794 7.2097 14.3871L7.29289 14.2929L11.585 10L7.29289 5.70711C6.93241 5.34662 6.90468 4.77939 7.2097 4.3871L7.29289 4.29289Z\" fill=\"currentColor\"><\/path><\/svg>\t\t\t<\/div>\n\t\t<\/div>\n\t\t\t\t\t\t<\/div>\n\t\t\t\t<\/div>\n\t\t\t\t<\/a>\n\t\t<a class=\"elementor-element elementor-element-ba016b8 e-con-full e-flex e-con e-child\" data-id=\"ba016b8\" data-element_type=\"container\" data-settings=\"{&quot;background_background&quot;:&quot;classic&quot;}\" href=\"https:\/\/vegaqura.com\/es\/sobre-nosotros\/\">\n\t\t\t\t<div class=\"elementor-element elementor-element-94c609f elementor-widget elementor-widget-heading\" data-id=\"94c609f\" data-element_type=\"widget\" data-widget_type=\"heading.default\">\n\t\t\t\t<div class=\"elementor-widget-container\">\n\t\t\t\t\t<h3 class=\"elementor-heading-title elementor-size-default\">Nuestra historia<\/h3>\t\t\t\t<\/div>\n\t\t\t\t<\/div>\n\t\t\t\t<div class=\"elementor-element elementor-element-a123471 elementor-view-default elementor-widget elementor-widget-icon\" data-id=\"a123471\" data-element_type=\"widget\" data-widget_type=\"icon.default\">\n\t\t\t\t<div class=\"elementor-widget-container\">\n\t\t\t\t\t\t\t<div class=\"elementor-icon-wrapper\">\n\t\t\t<div class=\"elementor-icon\">\n\t\t\t<svg xmlns=\"http:\/\/www.w3.org\/2000\/svg\" width=\"20\" height=\"20\" viewBox=\"0 0 20 20\" fill=\"none\"><path fill-rule=\"evenodd\" clip-rule=\"evenodd\" d=\"M7.29289 4.29289C7.65338 3.93241 8.22061 3.90468 8.6129 4.2097L8.70711 4.29289L13.7071 9.29289C14.0676 9.65338 14.0953 10.2206 13.7903 10.6129L13.7071 10.7071L8.70711 15.7071C8.31658 16.0976 7.68342 16.0976 7.29289 15.7071C6.93241 15.3466 6.90468 14.7794 7.2097 14.3871L7.29289 14.2929L11.585 10L7.29289 5.70711C6.93241 5.34662 6.90468 4.77939 7.2097 4.3871L7.29289 4.29289Z\" fill=\"currentColor\"><\/path><\/svg>\t\t\t<\/div>\n\t\t<\/div>\n\t\t\t\t\t\t<\/div>\n\t\t\t\t<\/div>\n\t\t\t\t<\/a>\n\t\t<a class=\"elementor-element elementor-element-a487772 e-con-full e-flex e-con e-child\" data-id=\"a487772\" data-element_type=\"container\" data-settings=\"{&quot;background_background&quot;:&quot;classic&quot;}\" href=\"https:\/\/vegaqura.com\/es\/preguntas-mas-frecuentes\/\">\n\t\t\t\t<div class=\"elementor-element elementor-element-4f657c9 elementor-widget elementor-widget-heading\" data-id=\"4f657c9\" data-element_type=\"widget\" data-widget_type=\"heading.default\">\n\t\t\t\t<div class=\"elementor-widget-container\">\n\t\t\t\t\t<h3 class=\"elementor-heading-title elementor-size-default\">Preguntas m\u00e1s frecuentes<\/h3>\t\t\t\t<\/div>\n\t\t\t\t<\/div>\n\t\t\t\t<div class=\"elementor-element elementor-element-1f8329e elementor-view-default elementor-widget elementor-widget-icon\" data-id=\"1f8329e\" data-element_type=\"widget\" data-widget_type=\"icon.default\">\n\t\t\t\t<div class=\"elementor-widget-container\">\n\t\t\t\t\t\t\t<div class=\"elementor-icon-wrapper\">\n\t\t\t<div class=\"elementor-icon\">\n\t\t\t<svg xmlns=\"http:\/\/www.w3.org\/2000\/svg\" width=\"20\" height=\"20\" viewBox=\"0 0 20 20\" fill=\"none\"><path fill-rule=\"evenodd\" clip-rule=\"evenodd\" d=\"M7.29289 4.29289C7.65338 3.93241 8.22061 3.90468 8.6129 4.2097L8.70711 4.29289L13.7071 9.29289C14.0676 9.65338 14.0953 10.2206 13.7903 10.6129L13.7071 10.7071L8.70711 15.7071C8.31658 16.0976 7.68342 16.0976 7.29289 15.7071C6.93241 15.3466 6.90468 14.7794 7.2097 14.3871L7.29289 14.2929L11.585 10L7.29289 5.70711C6.93241 5.34662 6.90468 4.77939 7.2097 4.3871L7.29289 4.29289Z\" fill=\"currentColor\"><\/path><\/svg>\t\t\t<\/div>\n\t\t<\/div>\n\t\t\t\t\t\t<\/div>\n\t\t\t\t<\/div>\n\t\t\t\t<\/a>\n\t\t\t\t<\/div>\n\t\t\t\t\t<\/div>\n\t\t\t\t<\/div>\n\t\t\t\t\t<\/div>\n\t\t\t\t<\/div>\n\t\t\t\t\t<\/div>\n\t\t\t\t<\/div>\n\t\t\t\t<\/div>\n\t\t","protected":false},"excerpt":{"rendered":"<p>Hazte socio de VegaQura Inspira vidas sanas y gana \u00bfTe apasionan la salud, la vitalidad y los suplementos naturales? Entonces \u00fanete al Programa de Afiliados VegaQura y gana una atractiva comisi\u00f3n promocionando nuestros productos de alta calidad. Tanto si eres terapeuta, entrenador de salud, influencer, bloguero o simplemente un usuario entusiasta, hacemos que trabajar juntos [&hellip;]<\/p>\n","protected":false},"author":7,"featured_media":0,"parent":0,"menu_order":0,"comment_status":"closed","ping_status":"closed","template":"","meta":{"_acf_changed":false,"_improvement_type_select":"improve_an_existing","_thumb_yes_seoaic":false,"_frame_yes_seoaic":false,"seoaic_generate_description":"","seoaic_improve_instructions_prompt":"","seoaic_rollback_content_improvement":"","seoaic_idea_thumbnail_generator":"","thumbnail_generated":false,"thumbnail_generate_prompt":"","seoaic_article_description":"","footnotes":""},"class_list":["post-6602","page","type-page","status-publish","hentry"],"acf":[],"_links":{"self":[{"href":"https:\/\/vegaqura.com\/es\/wp-json\/wp\/v2\/pages\/6602","targetHints":{"allow":["GET"]}}],"collection":[{"href":"https:\/\/vegaqura.com\/es\/wp-json\/wp\/v2\/pages"}],"about":[{"href":"https:\/\/vegaqura.com\/es\/wp-json\/wp\/v2\/types\/page"}],"author":[{"embeddable":true,"href":"https:\/\/vegaqura.com\/es\/wp-json\/wp\/v2\/users\/7"}],"replies":[{"embeddable":true,"href":"https:\/\/vegaqura.com\/es\/wp-json\/wp\/v2\/comments?post=6602"}],"version-history":[{"count":1,"href":"https:\/\/vegaqura.com\/es\/wp-json\/wp\/v2\/pages\/6602\/revisions"}],"predecessor-version":[{"id":6603,"href":"https:\/\/vegaqura.com\/es\/wp-json\/wp\/v2\/pages\/6602\/revisions\/6603"}],"wp:attachment":[{"href":"https:\/\/vegaqura.com\/es\/wp-json\/wp\/v2\/media?parent=6602"}],"curies":[{"name":"wp","href":"https:\/\/api.w.org\/{rel}","templated":true}]}}