{"id":6577,"date":"2024-11-11T10:46:52","date_gmt":"2024-11-11T09:46:52","guid":{"rendered":"https:\/\/vegaqura.com\/nuestro-metodo\/"},"modified":"2026-01-09T09:42:41","modified_gmt":"2026-01-09T08:42:41","slug":"nuestro-metodo","status":"publish","type":"page","link":"https:\/\/vegaqura.com\/es\/nuestro-metodo\/","title":{"rendered":"Nuestro m\u00e9todo"},"content":{"rendered":"\t\t<div data-elementor-type=\"wp-page\" data-elementor-id=\"6577\" class=\"elementor elementor-6577 elementor-123\" data-elementor-post-type=\"page\">\n\t\t\t\t<div class=\"elementor-element elementor-element-e0efaaa e-flex e-con-boxed e-con e-parent\" data-id=\"e0efaaa\" data-element_type=\"container\" data-settings=\"{&quot;background_background&quot;:&quot;classic&quot;}\">\n\t\t\t\t\t<div class=\"e-con-inner\">\n\t\t<div class=\"elementor-element elementor-element-ad60b62 e-con-full e-flex e-con e-child\" data-id=\"ad60b62\" data-element_type=\"container\">\n\t\t<div class=\"elementor-element elementor-element-b48a07f e-con-full e-flex e-con e-child\" data-id=\"b48a07f\" data-element_type=\"container\" data-settings=\"{&quot;background_background&quot;:&quot;classic&quot;}\">\n\t\t\t\t<\/div>\n\t\t\t\t<div class=\"elementor-element elementor-element-d37e5b9 elementor-widget elementor-widget-heading\" data-id=\"d37e5b9\" data-element_type=\"widget\" data-widget_type=\"heading.default\">\n\t\t\t\t<div class=\"elementor-widget-container\">\n\t\t\t\t\t<h1 class=\"elementor-heading-title elementor-size-default\">Nuestro m\u00e9todo<\/h1>\t\t\t\t<\/div>\n\t\t\t\t<\/div>\n\t\t\t\t<\/div>\n\t\t\t\t\t<\/div>\n\t\t\t\t<\/div>\n\t\t<div class=\"elementor-element elementor-element-881091d e-flex e-con-boxed e-con e-parent\" data-id=\"881091d\" data-element_type=\"container\">\n\t\t\t\t\t<div class=\"e-con-inner\">\n\t\t<div class=\"elementor-element elementor-element-63cf68b e-con-full e-flex e-con e-child\" data-id=\"63cf68b\" data-element_type=\"container\">\n\t\t<div class=\"elementor-element elementor-element-a9991a8 e-con-full e-flex e-con e-child\" data-id=\"a9991a8\" data-element_type=\"container\">\n\t\t\t\t<div class=\"elementor-element elementor-element-cbdf9e0 elementor-widget elementor-widget-text-editor\" data-id=\"cbdf9e0\" data-element_type=\"widget\" data-widget_type=\"text-editor.default\">\n\t\t\t\t<div class=\"elementor-widget-container\">\n\t\t\t\t\t\t\t\t\t<p data-start=\"154\" data-end=\"585\">En VegaQura, creemos que todo el mundo, independientemente de su edad o nivel de forma f\u00edsica actual, merece la oportunidad de sentirse vital, equilibrado y conectado. Vemos la salud como una imagen total en la que el cuerpo, la mente y el planeta est\u00e1n en armon\u00eda. Por eso desarrollamos un m\u00e9todo f\u00e1cil de aplicar en la vida diaria, utilizando como base el poder de los alimentos fermentados, las enzimas y los ritmos naturales.  <\/p>\t\t\t\t\t\t\t\t<\/div>\n\t\t\t\t<\/div>\n\t\t\t\t<\/div>\n\t\t<div class=\"elementor-element elementor-element-5e25d6f e-con-full e-flex e-con e-child\" data-id=\"5e25d6f\" data-element_type=\"container\">\n\t\t\t\t<div class=\"elementor-element elementor-element-6d55707 elementor-widget elementor-widget-text-editor\" data-id=\"6d55707\" data-element_type=\"widget\" data-widget_type=\"text-editor.default\">\n\t\t\t\t<div class=\"elementor-widget-container\">\n\t\t\t\t\t\t\t\t\t<p data-start=\"154\" data-end=\"585\">Bienvenido al m\u00e9todo VegaQura: un enfoque pr\u00e1ctico y reflexivo que te ayuda a sostener tu cuerpo, mantener tu energ\u00eda y reforzar tu bienestar desde dentro.<\/p>\t\t\t\t\t\t\t\t<\/div>\n\t\t\t\t<\/div>\n\t\t\t\t<\/div>\n\t\t\t\t<\/div>\n\t\t<div class=\"elementor-element elementor-element-0cbaa99 e-con-full e-flex e-con e-child\" data-id=\"0cbaa99\" data-element_type=\"container\">\n\t\t<div class=\"elementor-element elementor-element-8b76fca e-con-full e-flex e-con e-child\" data-id=\"8b76fca\" data-element_type=\"container\">\n\t\t<div class=\"elementor-element elementor-element-7def13f e-con-full bg-img e-flex e-con e-child\" data-id=\"7def13f\" data-element_type=\"container\">\n\t\t\t\t<div class=\"elementor-element elementor-element-4d29757 elementor-widget elementor-widget-image\" data-id=\"4d29757\" data-element_type=\"widget\" data-widget_type=\"image.default\">\n\t\t\t\t<div class=\"elementor-widget-container\">\n\t\t\t\t\t\t\t\t\t\t\t\t\t\t\t<img fetchpriority=\"high\" decoding=\"async\" width=\"800\" height=\"438\" src=\"https:\/\/vegaqura.com\/wp-content\/uploads\/2024\/11\/Image-1-1024x560.png\" class=\"attachment-large size-large wp-image-459\" alt=\"\" srcset=\"https:\/\/vegaqura.com\/wp-content\/uploads\/2024\/11\/Image-1-1024x560.png 1024w, https:\/\/vegaqura.com\/wp-content\/uploads\/2024\/11\/Image-1-600x328.png 600w, https:\/\/vegaqura.com\/wp-content\/uploads\/2024\/11\/Image-1-300x164.png 300w, https:\/\/vegaqura.com\/wp-content\/uploads\/2024\/11\/Image-1-768x420.png 768w, https:\/\/vegaqura.com\/wp-content\/uploads\/2024\/11\/Image-1.png 1170w\" sizes=\"(max-width: 800px) 100vw, 800px\" \/>\t\t\t\t\t\t\t\t\t\t\t\t\t\t\t<\/div>\n\t\t\t\t<\/div>\n\t\t\t\t<\/div>\n\t\t<div class=\"elementor-element elementor-element-4e2a88f e-con-full e-flex e-con e-child\" data-id=\"4e2a88f\" data-element_type=\"container\" data-settings=\"{&quot;background_background&quot;:&quot;classic&quot;}\">\n\t\t<div class=\"elementor-element elementor-element-22dd7c4 e-con-full e-flex e-con e-child\" data-id=\"22dd7c4\" data-element_type=\"container\">\n\t\t\t\t<div class=\"elementor-element elementor-element-42f2a85 elementor-widget elementor-widget-heading\" data-id=\"42f2a85\" data-element_type=\"widget\" data-widget_type=\"heading.default\">\n\t\t\t\t<div class=\"elementor-widget-container\">\n\t\t\t\t\t<h2 class=\"elementor-heading-title elementor-size-default\">Nuestros or\u00edgenes en breve<\/h2>\t\t\t\t<\/div>\n\t\t\t\t<\/div>\n\t\t\t\t<div class=\"elementor-element elementor-element-93995de elementor-widget elementor-widget-text-editor\" data-id=\"93995de\" data-element_type=\"widget\" data-widget_type=\"text-editor.default\">\n\t\t\t\t<div class=\"elementor-widget-container\">\n\t\t\t\t\t\t\t\t\t<p data-pm-slice=\"1 1 []\">Los cimientos de VegaQura se establecieron en Taiw\u00e1n, donde el fundador entr\u00f3 en contacto con antiguos conocimientos sobre limpieza, ritmo y alimentos fermentados.<\/p><p data-pm-slice=\"1 1 []\"> <\/p><p data-pm-slice=\"1 1 []\">Puedes leer la historia completa en nuestra <a href=\"https:\/\/vegaqura.com\/over-ons\/\">p\u00e1gina Qui\u00e9nes somos<\/a>. Aqu\u00ed, sobre todo, descubrir\u00e1s c\u00f3mo hemos traducido estos conocimientos en un m\u00e9todo aplicable a todo el mundo. <\/p>\t\t\t\t\t\t\t\t<\/div>\n\t\t\t\t<\/div>\n\t\t\t\t<\/div>\n\t\t\t\t<\/div>\n\t\t\t\t<\/div>\n\t\t\t\t<\/div>\n\t\t<div class=\"elementor-element elementor-element-c333ff9 e-con-full e-flex e-con e-child\" data-id=\"c333ff9\" data-element_type=\"container\">\n\t\t\t\t<div class=\"elementor-element elementor-element-0521758 elementor-widget elementor-widget-heading\" data-id=\"0521758\" data-element_type=\"widget\" data-widget_type=\"heading.default\">\n\t\t\t\t<div class=\"elementor-widget-container\">\n\t\t\t\t\t<h2 class=\"elementor-heading-title elementor-size-default\">Las tres fases: Base - Impulso - Equilibrio<\/h2>\t\t\t\t<\/div>\n\t\t\t\t<\/div>\n\t\t<div class=\"elementor-element elementor-element-88b0bd8 e-con-full e-flex e-con e-child\" data-id=\"88b0bd8\" data-element_type=\"container\">\n\t\t\t\t<div class=\"elementor-element elementor-element-0c1ae90 elementor-widget elementor-widget-text-editor\" data-id=\"0c1ae90\" data-element_type=\"widget\" data-widget_type=\"text-editor.default\">\n\t\t\t\t<div class=\"elementor-widget-container\">\n\t\t\t\t\t\t\t\t\t<p><b><span data-contrast=\"none\">Base<\/span><\/b><span data-contrast=\"none\"> es la base, el comienzo de un cambio y la Desintoxicaci\u00f3n Base es el primer producto de esta l\u00ednea. Con esta desintoxicaci\u00f3n, realizas un reset de tu intestino en 1 d\u00eda y empiezas de cero.\u00bfPrestas atenci\u00f3n a tus intestinos debido al estre\u00f1imiento o la diarrea, tienes dolor abdominal con demasiada frecuencia? Entonces empieza con Base Detox.<\/span><span data-ccp-props=\"{\"134233117\":false,\"134233118\":false,\"201341983\":0,\"335557856\":16777215,\"335559738\":0,\"335559739\":0,\"335559740\":240}\"> <\/span><\/p><p><span data-contrast=\"auto\">\u202f<\/span> <br><span data-contrast=\"none\">\u00bfCrees que un ayuno de un d\u00eda con sobres de fibra fermentada, probi\u00f3ticos y enzimas es demasiado para empezar, pero quieres mejorar tu salud intestinal? Entonces empieza con Boost. <\/span><span data-ccp-props=\"{\"134233117\":false,\"134233118\":false,\"201341983\":0,\"335557856\":16777215,\"335559738\":0,\"335559739\":0,\"335559740\":240}\"> <\/span><\/p>\t\t\t\t\t\t\t\t<\/div>\n\t\t\t\t<\/div>\n\t\t\t\t<div class=\"elementor-element elementor-element-b28ae72 elementor-widget elementor-widget-text-editor\" data-id=\"b28ae72\" data-element_type=\"widget\" data-widget_type=\"text-editor.default\">\n\t\t\t\t<div class=\"elementor-widget-container\">\n\t\t\t\t\t\t\t\t\t<p><b><span data-contrast=\"none\">Boost<\/span><\/b><span data-contrast=\"none\"> es exactamente ese extra que necesitas para un mejor funcionamiento de tus intestinos, tus m\u00fasculos o tu cuerpo en general. En esta categor\u00eda encontrar\u00e1s productos que tienen un efecto fortalecedor inmediato en tu cuerpo.Empieza con un tratamiento de probi\u00f3ticos con 2 sobres al d\u00eda. Al cabo de dos d\u00edas, toma medio frasco de enzimas por la ma\u00f1ana y por la noche, preferiblemente con el est\u00f3mago lo m\u00e1s vac\u00edo posible. <\/span> <span data-ccp-props=\"{\"134233117\":false,\"134233118\":false,\"201341983\":0,\"335557856\":16777215,\"335559738\":0,\"335559739\":0,\"335559740\":240}\"> <\/span><\/p><p><span data-contrast=\"none\">Boost es una forma sencilla de potenciar r\u00e1pidamente tu salud y resistencia intestinales.  <\/span><span data-contrast=\"auto\">\u202f<\/span> <\/p>\t\t\t\t\t\t\t\t<\/div>\n\t\t\t\t<\/div>\n\t\t\t\t<div class=\"elementor-element elementor-element-e2f16d0 elementor-widget elementor-widget-text-editor\" data-id=\"e2f16d0\" data-element_type=\"widget\" data-widget_type=\"text-editor.default\">\n\t\t\t\t<div class=\"elementor-widget-container\">\n\t\t\t\t\t\t\t\t\t<p><b><span data-contrast=\"none\">Saldo<\/span><\/b><span data-contrast=\"none\">  es la categor\u00eda de productos que refuerzan tus sistemas inmunitario, hormonal y nervioso. El equilibrio es, por tanto, la clave de una vida larga y sana. El ox\u00edgeno es la principal fuerza motriz de todos los procesos bioqu\u00edmicos que tienen lugar a nivel celular. El Vitalizador es el producto que puede potenciarlo, reforzando el sistema inmunitario y favoreciendo el suministro de ox\u00edgeno a todas las c\u00e9lulas.     <\/span><span data-ccp-props=\"{\"134233117\":false,\"134233118\":false,\"201341983\":0,\"335557856\":16777215,\"335559738\":0,\"335559739\":0,\"335559740\":240}\"> <\/span><\/p><p><span data-contrast=\"none\">Una disminuci\u00f3n del ox\u00edgeno en los tejidos y \u00f3rganos produce l\u00f3gicamente una disminuci\u00f3n del rendimiento de tu organismo.<\/span><\/p>\t\t\t\t\t\t\t\t<\/div>\n\t\t\t\t<\/div>\n\t\t\t\t<div class=\"elementor-element elementor-element-6d566f5 elementor-widget elementor-widget-text-editor\" data-id=\"6d566f5\" data-element_type=\"widget\" data-widget_type=\"text-editor.default\">\n\t\t\t\t<div class=\"elementor-widget-container\">\n\t\t\t\t\t\t\t\t\t<p><span data-contrast=\"none\"><b><i>\u00bfC\u00f3mo se aplica esto?  <\/i><\/b>El orden m\u00e1s l\u00f3gico es de Base a Refuerzo y a Equilibrio, pero nuestros productos son eficaces en cada fase, por lo que resultan \u00fatiles en cualquier orden.<\/span><span data-ccp-props=\"{\"134233117\":false,\"134233118\":false,\"201341983\":0,\"335557856\":16777215,\"335559738\":0,\"335559739\":0,\"335559740\":240}\"> <\/span><\/p>\t\t\t\t\t\t\t\t<\/div>\n\t\t\t\t<\/div>\n\t\t\t\t<\/div>\n\t\t\t\t<\/div>\n\t\t<div class=\"elementor-element elementor-element-a20f7b6 e-con-full e-flex e-con e-child\" data-id=\"a20f7b6\" data-element_type=\"container\">\n\t\t<div class=\"elementor-element elementor-element-af9a1ed e-con-full e-flex e-con e-child\" data-id=\"af9a1ed\" data-element_type=\"container\">\n\t\t<div class=\"elementor-element elementor-element-110da03 e-con-full e-flex e-con e-child\" data-id=\"110da03\" data-element_type=\"container\">\n\t\t<div class=\"elementor-element elementor-element-8416b47 e-con-full e-flex e-con e-child\" data-id=\"8416b47\" data-element_type=\"container\">\n\t\t\t\t<div class=\"elementor-element elementor-element-eeb826f elementor-widget__width-initial elementor-widget elementor-widget-image\" data-id=\"eeb826f\" data-element_type=\"widget\" data-widget_type=\"image.default\">\n\t\t\t\t<div class=\"elementor-widget-container\">\n\t\t\t\t\t\t\t\t\t\t\t\t\t\t\t<img decoding=\"async\" width=\"570\" height=\"304\" src=\"https:\/\/vegaqura.com\/wp-content\/uploads\/2024\/11\/Image-4.png\" class=\"attachment-large size-large wp-image-468\" alt=\"\" srcset=\"https:\/\/vegaqura.com\/wp-content\/uploads\/2024\/11\/Image-4.png 570w, https:\/\/vegaqura.com\/wp-content\/uploads\/2024\/11\/Image-4-300x160.png 300w\" sizes=\"(max-width: 570px) 100vw, 570px\" \/>\t\t\t\t\t\t\t\t\t\t\t\t\t\t\t<\/div>\n\t\t\t\t<\/div>\n\t\t\t\t<\/div>\n\t\t\t\t<\/div>\n\t\t<div class=\"elementor-element elementor-element-c324755 e-con-full e-flex e-con e-child\" data-id=\"c324755\" data-element_type=\"container\" data-settings=\"{&quot;background_background&quot;:&quot;classic&quot;}\">\n\t\t<div class=\"elementor-element elementor-element-d7d477f e-con-full e-flex e-con e-child\" data-id=\"d7d477f\" data-element_type=\"container\">\n\t\t\t\t<div class=\"elementor-element elementor-element-59d41c9 elementor-widget elementor-widget-heading\" data-id=\"59d41c9\" data-element_type=\"widget\" data-widget_type=\"heading.default\">\n\t\t\t\t<div class=\"elementor-widget-container\">\n\t\t\t\t\t<h2 class=\"elementor-heading-title elementor-size-default\">La Q de VegaQura<\/h2>\t\t\t\t<\/div>\n\t\t\t\t<\/div>\n\t\t\t\t<div class=\"elementor-element elementor-element-039dd71 elementor-widget elementor-widget-text-editor\" data-id=\"039dd71\" data-element_type=\"widget\" data-widget_type=\"text-editor.default\">\n\t\t\t\t<div class=\"elementor-widget-container\">\n\t\t\t\t\t\t\t\t\t<p class=\"p1\"><span data-contrast=\"none\">La Q de VegaQura representa la circularidad de la vida como un ciclo continuo, en el que puedes entrar en cualquier punto porque todo est\u00e1 conectado. Este es el punto de partida del principio de Base, Refuerzo y Equilibrio: tres pasos de refuerzo en el camino hacia una vida larga y saludable. T\u00fa decides con qu\u00e9 productos quieres empezar.  <\/span><span data-ccp-props=\"{\"134233117\":false,\"134233118\":false,\"201341983\":0,\"335557856\":16777215,\"335559738\":0,\"335559739\":0,\"335559740\":240}\"> <\/span><\/p>\t\t\t\t\t\t\t\t<\/div>\n\t\t\t\t<\/div>\n\t\t\t\t<\/div>\n\t\t\t\t<\/div>\n\t\t\t\t<\/div>\n\t\t\t\t<\/div>\n\t\t<div class=\"elementor-element elementor-element-5c689a0 e-flex e-con-boxed e-con e-child\" data-id=\"5c689a0\" data-element_type=\"container\" data-settings=\"{&quot;background_background&quot;:&quot;classic&quot;}\">\n\t\t\t\t\t<div class=\"e-con-inner\">\n\t\t<div class=\"elementor-element elementor-element-3d4008c e-flex e-con-boxed e-con e-child\" data-id=\"3d4008c\" data-element_type=\"container\">\n\t\t\t\t\t<div class=\"e-con-inner\">\n\t\t<div class=\"elementor-element elementor-element-ca04a15 e-con-full e-flex e-con e-child\" data-id=\"ca04a15\" data-element_type=\"container\">\n\t\t\t\t<div class=\"elementor-element elementor-element-0577afe elementor-widget elementor-widget-heading\" data-id=\"0577afe\" data-element_type=\"widget\" data-widget_type=\"heading.default\">\n\t\t\t\t<div class=\"elementor-widget-container\">\n\t\t\t\t\t<h2 class=\"elementor-heading-title elementor-size-default\">Ver tambi\u00e9n<\/h2>\t\t\t\t<\/div>\n\t\t\t\t<\/div>\n\t\t\t\t<\/div>\n\t\t<div class=\"elementor-element elementor-element-9f4a20a e-grid e-con-full e-con e-child\" data-id=\"9f4a20a\" data-element_type=\"container\">\n\t\t<a class=\"elementor-element elementor-element-2cde6d6 e-con-full e-flex e-con e-child\" data-id=\"2cde6d6\" data-element_type=\"container\" data-settings=\"{&quot;background_background&quot;:&quot;classic&quot;}\" href=\"https:\/\/vegaqura.com\/es\/resumen-del-producto\/\">\n\t\t\t\t<div class=\"elementor-element elementor-element-af24bc3 elementor-widget elementor-widget-heading\" data-id=\"af24bc3\" data-element_type=\"widget\" data-widget_type=\"heading.default\">\n\t\t\t\t<div class=\"elementor-widget-container\">\n\t\t\t\t\t<h3 class=\"elementor-heading-title elementor-size-default\">Nuestros productos<\/h3>\t\t\t\t<\/div>\n\t\t\t\t<\/div>\n\t\t\t\t<div class=\"elementor-element elementor-element-d717e0a elementor-view-default elementor-widget elementor-widget-icon\" data-id=\"d717e0a\" data-element_type=\"widget\" data-widget_type=\"icon.default\">\n\t\t\t\t<div class=\"elementor-widget-container\">\n\t\t\t\t\t\t\t<div class=\"elementor-icon-wrapper\">\n\t\t\t<div class=\"elementor-icon\">\n\t\t\t<svg xmlns=\"http:\/\/www.w3.org\/2000\/svg\" width=\"20\" height=\"20\" viewBox=\"0 0 20 20\" fill=\"none\"><path fill-rule=\"evenodd\" clip-rule=\"evenodd\" d=\"M7.29289 4.29289C7.65338 3.93241 8.22061 3.90468 8.6129 4.2097L8.70711 4.29289L13.7071 9.29289C14.0676 9.65338 14.0953 10.2206 13.7903 10.6129L13.7071 10.7071L8.70711 15.7071C8.31658 16.0976 7.68342 16.0976 7.29289 15.7071C6.93241 15.3466 6.90468 14.7794 7.2097 14.3871L7.29289 14.2929L11.585 10L7.29289 5.70711C6.93241 5.34662 6.90468 4.77939 7.2097 4.3871L7.29289 4.29289Z\" fill=\"currentColor\"><\/path><\/svg>\t\t\t<\/div>\n\t\t<\/div>\n\t\t\t\t\t\t<\/div>\n\t\t\t\t<\/div>\n\t\t\t\t<\/a>\n\t\t<a class=\"elementor-element elementor-element-ba016b8 e-con-full e-flex e-con e-child\" data-id=\"ba016b8\" data-element_type=\"container\" data-settings=\"{&quot;background_background&quot;:&quot;classic&quot;}\" href=\"https:\/\/vegaqura.com\/over-ons\/\">\n\t\t\t\t<div class=\"elementor-element elementor-element-94c609f elementor-widget elementor-widget-heading\" data-id=\"94c609f\" data-element_type=\"widget\" data-widget_type=\"heading.default\">\n\t\t\t\t<div class=\"elementor-widget-container\">\n\t\t\t\t\t<h3 class=\"elementor-heading-title elementor-size-default\">Nuestra historia<\/h3>\t\t\t\t<\/div>\n\t\t\t\t<\/div>\n\t\t\t\t<div class=\"elementor-element elementor-element-a123471 elementor-view-default elementor-widget elementor-widget-icon\" data-id=\"a123471\" data-element_type=\"widget\" data-widget_type=\"icon.default\">\n\t\t\t\t<div class=\"elementor-widget-container\">\n\t\t\t\t\t\t\t<div class=\"elementor-icon-wrapper\">\n\t\t\t<div class=\"elementor-icon\">\n\t\t\t<svg xmlns=\"http:\/\/www.w3.org\/2000\/svg\" width=\"20\" height=\"20\" viewBox=\"0 0 20 20\" fill=\"none\"><path fill-rule=\"evenodd\" clip-rule=\"evenodd\" d=\"M7.29289 4.29289C7.65338 3.93241 8.22061 3.90468 8.6129 4.2097L8.70711 4.29289L13.7071 9.29289C14.0676 9.65338 14.0953 10.2206 13.7903 10.6129L13.7071 10.7071L8.70711 15.7071C8.31658 16.0976 7.68342 16.0976 7.29289 15.7071C6.93241 15.3466 6.90468 14.7794 7.2097 14.3871L7.29289 14.2929L11.585 10L7.29289 5.70711C6.93241 5.34662 6.90468 4.77939 7.2097 4.3871L7.29289 4.29289Z\" fill=\"currentColor\"><\/path><\/svg>\t\t\t<\/div>\n\t\t<\/div>\n\t\t\t\t\t\t<\/div>\n\t\t\t\t<\/div>\n\t\t\t\t<\/a>\n\t\t<a class=\"elementor-element elementor-element-a487772 e-con-full e-flex e-con e-child\" data-id=\"a487772\" data-element_type=\"container\" data-settings=\"{&quot;background_background&quot;:&quot;classic&quot;}\" href=\"https:\/\/vegaqura.com\/veelgestelde-vragen\/\">\n\t\t\t\t<div class=\"elementor-element elementor-element-4f657c9 elementor-widget elementor-widget-heading\" data-id=\"4f657c9\" data-element_type=\"widget\" data-widget_type=\"heading.default\">\n\t\t\t\t<div class=\"elementor-widget-container\">\n\t\t\t\t\t<h3 class=\"elementor-heading-title elementor-size-default\">Preguntas m\u00e1s frecuentes<\/h3>\t\t\t\t<\/div>\n\t\t\t\t<\/div>\n\t\t\t\t<div class=\"elementor-element elementor-element-1f8329e elementor-view-default elementor-widget elementor-widget-icon\" data-id=\"1f8329e\" data-element_type=\"widget\" data-widget_type=\"icon.default\">\n\t\t\t\t<div class=\"elementor-widget-container\">\n\t\t\t\t\t\t\t<div class=\"elementor-icon-wrapper\">\n\t\t\t<div class=\"elementor-icon\">\n\t\t\t<svg xmlns=\"http:\/\/www.w3.org\/2000\/svg\" width=\"20\" height=\"20\" viewBox=\"0 0 20 20\" fill=\"none\"><path fill-rule=\"evenodd\" clip-rule=\"evenodd\" d=\"M7.29289 4.29289C7.65338 3.93241 8.22061 3.90468 8.6129 4.2097L8.70711 4.29289L13.7071 9.29289C14.0676 9.65338 14.0953 10.2206 13.7903 10.6129L13.7071 10.7071L8.70711 15.7071C8.31658 16.0976 7.68342 16.0976 7.29289 15.7071C6.93241 15.3466 6.90468 14.7794 7.2097 14.3871L7.29289 14.2929L11.585 10L7.29289 5.70711C6.93241 5.34662 6.90468 4.77939 7.2097 4.3871L7.29289 4.29289Z\" fill=\"currentColor\"><\/path><\/svg>\t\t\t<\/div>\n\t\t<\/div>\n\t\t\t\t\t\t<\/div>\n\t\t\t\t<\/div>\n\t\t\t\t<\/a>\n\t\t\t\t<\/div>\n\t\t\t\t\t<\/div>\n\t\t\t\t<\/div>\n\t\t\t\t\t<\/div>\n\t\t\t\t<\/div>\n\t\t\t\t\t<\/div>\n\t\t\t\t<\/div>\n\t\t\t\t<\/div>\n\t\t","protected":false},"excerpt":{"rendered":"<p>Nuestro m\u00e9todo En VegaQura, creemos que todo el mundo, independientemente de su edad o nivel de forma f\u00edsica actual, merece la oportunidad de sentirse vital, equilibrado y conectado. Vemos la salud como una imagen total en la que el cuerpo, la mente y el planeta est\u00e1n en armon\u00eda. Por eso desarrollamos un m\u00e9todo f\u00e1cil de [&hellip;]<\/p>\n","protected":false},"author":8,"featured_media":0,"parent":0,"menu_order":0,"comment_status":"closed","ping_status":"closed","template":"","meta":{"_acf_changed":false,"_improvement_type_select":"improve_an_existing","_thumb_yes_seoaic":false,"_frame_yes_seoaic":false,"seoaic_generate_description":"","seoaic_improve_instructions_prompt":"","seoaic_rollback_content_improvement":"","seoaic_idea_thumbnail_generator":"","thumbnail_generated":false,"thumbnail_generate_prompt":"","seoaic_article_description":"","footnotes":""},"class_list":["post-6577","page","type-page","status-publish","hentry"],"acf":[],"_links":{"self":[{"href":"https:\/\/vegaqura.com\/es\/wp-json\/wp\/v2\/pages\/6577","targetHints":{"allow":["GET"]}}],"collection":[{"href":"https:\/\/vegaqura.com\/es\/wp-json\/wp\/v2\/pages"}],"about":[{"href":"https:\/\/vegaqura.com\/es\/wp-json\/wp\/v2\/types\/page"}],"author":[{"embeddable":true,"href":"https:\/\/vegaqura.com\/es\/wp-json\/wp\/v2\/users\/8"}],"replies":[{"embeddable":true,"href":"https:\/\/vegaqura.com\/es\/wp-json\/wp\/v2\/comments?post=6577"}],"version-history":[{"count":1,"href":"https:\/\/vegaqura.com\/es\/wp-json\/wp\/v2\/pages\/6577\/revisions"}],"predecessor-version":[{"id":6582,"href":"https:\/\/vegaqura.com\/es\/wp-json\/wp\/v2\/pages\/6577\/revisions\/6582"}],"wp:attachment":[{"href":"https:\/\/vegaqura.com\/es\/wp-json\/wp\/v2\/media?parent=6577"}],"curies":[{"name":"wp","href":"https:\/\/api.w.org\/{rel}","templated":true}]}}