{"id":4484,"date":"2025-06-18T14:59:24","date_gmt":"2025-06-18T12:59:24","guid":{"rendered":"https:\/\/vegaqura.com\/?page_id=4484"},"modified":"2025-06-18T15:25:55","modified_gmt":"2025-06-18T13:25:55","slug":"partner-werden","status":"publish","type":"page","link":"https:\/\/vegaqura.com\/de\/partner-werden\/","title":{"rendered":"Werden Sie Partner"},"content":{"rendered":"\t\t<div data-elementor-type=\"wp-page\" data-elementor-id=\"4484\" class=\"elementor elementor-4484 elementor-4482\" data-elementor-post-type=\"page\">\n\t\t\t\t<div class=\"elementor-element elementor-element-e0efaaa e-flex e-con-boxed e-con e-parent\" data-id=\"e0efaaa\" data-element_type=\"container\" data-settings=\"{&quot;background_background&quot;:&quot;classic&quot;}\">\n\t\t\t\t\t<div class=\"e-con-inner\">\n\t\t<div class=\"elementor-element elementor-element-ad60b62 e-con-full e-flex e-con e-child\" data-id=\"ad60b62\" data-element_type=\"container\">\n\t\t<div class=\"elementor-element elementor-element-b48a07f e-con-full e-flex e-con e-child\" data-id=\"b48a07f\" data-element_type=\"container\" data-settings=\"{&quot;background_background&quot;:&quot;classic&quot;}\">\n\t\t\t\t<\/div>\n\t\t\t\t<div class=\"elementor-element elementor-element-d37e5b9 elementor-widget elementor-widget-heading\" data-id=\"d37e5b9\" data-element_type=\"widget\" data-widget_type=\"heading.default\">\n\t\t\t\t<div class=\"elementor-widget-container\">\n\t\t\t\t\t<h1 class=\"elementor-heading-title elementor-size-default\">Werden Sie ein Partner von VegaQura<\/h1>\t\t\t\t<\/div>\n\t\t\t\t<\/div>\n\t\t\t\t<\/div>\n\t\t\t\t\t<\/div>\n\t\t\t\t<\/div>\n\t\t<div class=\"elementor-element elementor-element-881091d e-flex e-con-boxed e-con e-parent\" data-id=\"881091d\" data-element_type=\"container\">\n\t\t\t\t\t<div class=\"e-con-inner\">\n\t\t<div class=\"elementor-element elementor-element-63cf68b e-con-full e-flex e-con e-child\" data-id=\"63cf68b\" data-element_type=\"container\">\n\t\t\t\t<div class=\"elementor-element elementor-element-69e5d46 elementor-widget elementor-widget-heading\" data-id=\"69e5d46\" data-element_type=\"widget\" data-widget_type=\"heading.default\">\n\t\t\t\t<div class=\"elementor-widget-container\">\n\t\t\t\t\t<h2 class=\"elementor-heading-title elementor-size-default\">Gesundes Leben inspirieren und verdienen<\/h2>\t\t\t\t<\/div>\n\t\t\t\t<\/div>\n\t\t<div class=\"elementor-element elementor-element-a9991a8 e-con-full e-flex e-con e-child\" data-id=\"a9991a8\" data-element_type=\"container\">\n\t\t\t\t<div class=\"elementor-element elementor-element-cbdf9e0 elementor-widget elementor-widget-text-editor\" data-id=\"cbdf9e0\" data-element_type=\"widget\" data-widget_type=\"text-editor.default\">\n\t\t\t\t<div class=\"elementor-widget-container\">\n\t\t\t\t\t\t\t\t\t<p>Haben Sie eine Leidenschaft f\u00fcr Gesundheit, Vitalit\u00e4t und nat\u00fcrliche Nahrungserg\u00e4nzungsmittel? Dann treten Sie dem <a href=\"https:\/\/vegaqura.com\/affiliate-home\/affiliate-register\/\"><strong>VegaQura Partnerprogramm<\/strong><\/a> und verdienen Sie eine attraktive Provision, indem Sie f\u00fcr unsere hochwertigen Produkte werben. Egal, ob Sie Therapeut, Gesundheitscoach, Influencer, Blogger oder einfach ein begeisterter Anwender sind &#8211; wir machen die Zusammenarbeit einfach und interessant.  <\/p>\t\t\t\t\t\t\t\t<\/div>\n\t\t\t\t<\/div>\n\t\t\t\t<div class=\"elementor-element elementor-element-0901b10 elementor-widget elementor-widget-heading\" data-id=\"0901b10\" data-element_type=\"widget\" data-widget_type=\"heading.default\">\n\t\t\t\t<div class=\"elementor-widget-container\">\n\t\t\t\t\t<h2 class=\"elementor-heading-title elementor-size-default\">Was bieten wir Ihnen?<\/h2>\t\t\t\t<\/div>\n\t\t\t\t<\/div>\n\t\t\t\t<div class=\"elementor-element elementor-element-f1c6379 elementor-widget elementor-widget-text-editor\" data-id=\"f1c6379\" data-element_type=\"widget\" data-widget_type=\"text-editor.default\">\n\t\t\t\t<div class=\"elementor-widget-container\">\n\t\t\t\t\t\t\t\t\t<p>\u2705 <strong>15% Provision<\/strong> \u00fcber Ihren pers\u00f6nlichen Affiliate-Link oder Rabattcode<br>\u2705 <strong>10% Rabattcode<\/strong>, den Sie mit Ihrem Netzwerk teilen k\u00f6nnen<br>\u2705 <strong>Hochwertige Inhalte<\/strong>: Banner, Produktfotos und Texte, die Sie sofort verwenden k\u00f6nnen<br>\u2705 <strong>Monatliche Auszahlung<\/strong> Ihrer Einnahmen<br>\u2705 <strong>Support<\/strong> zu unseren Produkten<\/p>\t\t\t\t\t\t\t\t<\/div>\n\t\t\t\t<\/div>\n\t\t\t\t<\/div>\n\t\t\t\t<\/div>\n\t\t<div class=\"elementor-element elementor-element-0cbaa99 e-con-full e-flex e-con e-child\" data-id=\"0cbaa99\" data-element_type=\"container\">\n\t\t<div class=\"elementor-element elementor-element-8b76fca e-con-full e-flex e-con e-child\" data-id=\"8b76fca\" data-element_type=\"container\">\n\t\t<div class=\"elementor-element elementor-element-7def13f e-con-full bg-img e-flex e-con e-child\" data-id=\"7def13f\" data-element_type=\"container\">\n\t\t\t\t<div class=\"elementor-element elementor-element-4d29757 elementor-widget elementor-widget-image\" data-id=\"4d29757\" data-element_type=\"widget\" data-widget_type=\"image.default\">\n\t\t\t\t<div class=\"elementor-widget-container\">\n\t\t\t\t\t\t\t\t\t\t\t\t\t\t\t<img fetchpriority=\"high\" decoding=\"async\" width=\"800\" height=\"438\" src=\"https:\/\/vegaqura.com\/wp-content\/uploads\/2024\/11\/Image-1-1024x560.png\" class=\"attachment-large size-large wp-image-459\" alt=\"\" srcset=\"https:\/\/vegaqura.com\/wp-content\/uploads\/2024\/11\/Image-1-1024x560.png 1024w, https:\/\/vegaqura.com\/wp-content\/uploads\/2024\/11\/Image-1-600x328.png 600w, https:\/\/vegaqura.com\/wp-content\/uploads\/2024\/11\/Image-1-300x164.png 300w, https:\/\/vegaqura.com\/wp-content\/uploads\/2024\/11\/Image-1-768x420.png 768w, https:\/\/vegaqura.com\/wp-content\/uploads\/2024\/11\/Image-1.png 1170w\" sizes=\"(max-width: 800px) 100vw, 800px\" \/>\t\t\t\t\t\t\t\t\t\t\t\t\t\t\t<\/div>\n\t\t\t\t<\/div>\n\t\t\t\t<\/div>\n\t\t<div class=\"elementor-element elementor-element-4e2a88f e-con-full e-flex e-con e-child\" data-id=\"4e2a88f\" data-element_type=\"container\" data-settings=\"{&quot;background_background&quot;:&quot;classic&quot;}\">\n\t\t<div class=\"elementor-element elementor-element-22dd7c4 e-con-full e-flex e-con e-child\" data-id=\"22dd7c4\" data-element_type=\"container\">\n\t\t\t\t<div class=\"elementor-element elementor-element-42f2a85 elementor-widget elementor-widget-heading\" data-id=\"42f2a85\" data-element_type=\"widget\" data-widget_type=\"heading.default\">\n\t\t\t\t<div class=\"elementor-widget-container\">\n\t\t\t\t\t<h2 class=\"elementor-heading-title elementor-size-default\">F\u00fcr wen ist es geeignet?<\/h2>\t\t\t\t<\/div>\n\t\t\t\t<\/div>\n\t\t\t\t<div class=\"elementor-element elementor-element-93995de elementor-widget elementor-widget-text-editor\" data-id=\"93995de\" data-element_type=\"widget\" data-widget_type=\"text-editor.default\">\n\t\t\t\t<div class=\"elementor-widget-container\">\n\t\t\t\t\t\t\t\t\t<p>Das VegaQura Partnerprogramm ist ideal f\u00fcr:<\/p><ul><li>Therapeuten und medizinisches Fachpersonal<\/li><li>  Gesundheitsblogger und Influencer<\/li><li>Coaches f\u00fcr Lebensstil, Ern\u00e4hrung oder Vitalit\u00e4t<\/li><li>Webshop-Besitzer und Ersteller von Inhalten<\/li><li>Enthusiastische Benutzer mit einem relevanten Netzwerk<\/li><\/ul><p><br>Egal, ob Sie online oder im pers\u00f6nlichen Kontakt mit Kunden aktiv sind, wir unterst\u00fctzen Sie dabei, auf nat\u00fcrliche Weise Mehrwert zu bieten und zu verdienen.<\/p>\t\t\t\t\t\t\t\t<\/div>\n\t\t\t\t<\/div>\n\t\t\t\t<\/div>\n\t\t\t\t<\/div>\n\t\t\t\t<\/div>\n\t\t\t\t<\/div>\n\t\t<div class=\"elementor-element elementor-element-a20f7b6 e-con-full e-flex e-con e-child\" data-id=\"a20f7b6\" data-element_type=\"container\">\n\t\t<div class=\"elementor-element elementor-element-af9a1ed e-con-full e-flex e-con e-child\" data-id=\"af9a1ed\" data-element_type=\"container\">\n\t\t<div class=\"elementor-element elementor-element-110da03 e-con-full e-flex e-con e-child\" data-id=\"110da03\" data-element_type=\"container\">\n\t\t<div class=\"elementor-element elementor-element-8416b47 e-con-full e-flex e-con e-child\" data-id=\"8416b47\" data-element_type=\"container\">\n\t\t\t\t<div class=\"elementor-element elementor-element-eeb826f elementor-widget__width-initial elementor-widget elementor-widget-image\" data-id=\"eeb826f\" data-element_type=\"widget\" data-widget_type=\"image.default\">\n\t\t\t\t<div class=\"elementor-widget-container\">\n\t\t\t\t\t\t\t\t\t\t\t\t\t\t\t<img decoding=\"async\" width=\"570\" height=\"304\" src=\"https:\/\/vegaqura.com\/wp-content\/uploads\/2024\/11\/Image-4.png\" class=\"attachment-large size-large wp-image-468\" alt=\"\" srcset=\"https:\/\/vegaqura.com\/wp-content\/uploads\/2024\/11\/Image-4.png 570w, https:\/\/vegaqura.com\/wp-content\/uploads\/2024\/11\/Image-4-300x160.png 300w\" sizes=\"(max-width: 570px) 100vw, 570px\" \/>\t\t\t\t\t\t\t\t\t\t\t\t\t\t\t<\/div>\n\t\t\t\t<\/div>\n\t\t\t\t<\/div>\n\t\t\t\t<\/div>\n\t\t<div class=\"elementor-element elementor-element-c324755 e-con-full e-flex e-con e-child\" data-id=\"c324755\" data-element_type=\"container\" data-settings=\"{&quot;background_background&quot;:&quot;classic&quot;}\">\n\t\t<div class=\"elementor-element elementor-element-d7d477f e-con-full e-flex e-con e-child\" data-id=\"d7d477f\" data-element_type=\"container\">\n\t\t\t\t<div class=\"elementor-element elementor-element-59d41c9 elementor-widget elementor-widget-heading\" data-id=\"59d41c9\" data-element_type=\"widget\" data-widget_type=\"heading.default\">\n\t\t\t\t<div class=\"elementor-widget-container\">\n\t\t\t\t\t<h2 class=\"elementor-heading-title elementor-size-default\">Wie funktioniert das?  <\/h2>\t\t\t\t<\/div>\n\t\t\t\t<\/div>\n\t\t\t\t<div class=\"elementor-element elementor-element-039dd71 elementor-widget elementor-widget-text-editor\" data-id=\"039dd71\" data-element_type=\"widget\" data-widget_type=\"text-editor.default\">\n\t\t\t\t<div class=\"elementor-widget-container\">\n\t\t\t\t\t\t\t\t\t<ol><li>Registrieren Sie sich \u00fcber unsere Partnerplattform<\/li><li>Sie erhalten Ihren einzigartigen Affiliate-Link und\/oder Rabattcode<\/li><li>Teilen Sie VegaQura mit Ihrem Netzwerk<\/li><li>Verdienen Sie bei jeder Bestellung \u00fcber Ihren Link oder Code eine Provision<\/li><\/ol>\t\t\t\t\t\t\t\t<\/div>\n\t\t\t\t<\/div>\n\t\t\t\t<\/div>\n\t\t\t\t<\/div>\n\t\t\t\t<\/div>\n\t\t\t\t<\/div>\n\t\t<div class=\"elementor-element elementor-element-c333ff9 e-con-full e-flex e-con e-child\" data-id=\"c333ff9\" data-element_type=\"container\">\n\t\t\t\t<div class=\"elementor-element elementor-element-0521758 elementor-widget elementor-widget-heading\" data-id=\"0521758\" data-element_type=\"widget\" data-widget_type=\"heading.default\">\n\t\t\t\t<div class=\"elementor-widget-container\">\n\t\t\t\t\t<h2 class=\"elementor-heading-title elementor-size-default\">W\u00e4hlen Sie Ihr Ertragsmodell<\/h2>\t\t\t\t<\/div>\n\t\t\t\t<\/div>\n\t\t<div class=\"elementor-element elementor-element-88b0bd8 e-con-full e-flex e-con e-child\" data-id=\"88b0bd8\" data-element_type=\"container\">\n\t\t\t\t<div class=\"elementor-element elementor-element-0c1ae90 elementor-widget elementor-widget-text-editor\" data-id=\"0c1ae90\" data-element_type=\"widget\" data-widget_type=\"text-editor.default\">\n\t\t\t\t<div class=\"elementor-widget-container\">\n\t\t\t\t\t\t\t\t\t<p>Sie entscheiden, wie Sie Ihre Provision erhalten:<\/p>\t\t\t\t\t\t\t\t<\/div>\n\t\t\t\t<\/div>\n\t\t\t\t<div class=\"elementor-element elementor-element-993d7dd elementor-widget elementor-widget-heading\" data-id=\"993d7dd\" data-element_type=\"widget\" data-widget_type=\"heading.default\">\n\t\t\t\t<div class=\"elementor-widget-container\">\n\t\t\t\t\t<h3 class=\"elementor-heading-title elementor-size-default\">Option 1: \u00dcber Ihren Affiliate-Link<\/h3>\t\t\t\t<\/div>\n\t\t\t\t<\/div>\n\t\t\t\t<div class=\"elementor-element elementor-element-b9130e5 elementor-widget elementor-widget-text-editor\" data-id=\"b9130e5\" data-element_type=\"widget\" data-widget_type=\"text-editor.default\">\n\t\t\t\t<div class=\"elementor-widget-container\">\n\t\t\t\t\t\t\t\t\t<p>&#8211; Teilen Sie nur Ihren einzigartigen Rabattcode<br>&#8211; Sie erhalten <strong>15% Provision<\/strong> auf alle Eink\u00e4ufe, die Sie mit diesem Code t\u00e4tigen<br>&#8211; Kein Tracking \u00fcber einen Link erforderlich<\/p>\t\t\t\t\t\t\t\t<\/div>\n\t\t\t\t<\/div>\n\t\t\t\t<div class=\"elementor-element elementor-element-ba07fa7 elementor-widget elementor-widget-heading\" data-id=\"ba07fa7\" data-element_type=\"widget\" data-widget_type=\"heading.default\">\n\t\t\t\t<div class=\"elementor-widget-container\">\n\t\t\t\t\t<h3 class=\"elementor-heading-title elementor-size-default\">Option 2: \u00dcber Ihren Rabattcode<\/h3>\t\t\t\t<\/div>\n\t\t\t\t<\/div>\n\t\t\t\t<div class=\"elementor-element elementor-element-a279cb2 elementor-widget elementor-widget-text-editor\" data-id=\"a279cb2\" data-element_type=\"widget\" data-widget_type=\"text-editor.default\">\n\t\t\t\t<div class=\"elementor-widget-container\">\n\t\t\t\t\t\t\t\t\t<p>&#8211; Teilen Sie Ihren einzigartigen Link<br>&#8211; Sie erhalten <strong>15% Provision<\/strong> auf alle K\u00e4ufe, die \u00fcber diesen Link get\u00e4tigt werden<br>&#8211; Der Kunde kann auch Ihren 10% Rabattcode verwenden<\/p>\t\t\t\t\t\t\t\t<\/div>\n\t\t\t\t<\/div>\n\t\t\t\t<div class=\"elementor-element elementor-element-063a608 elementor-widget elementor-widget-text-editor\" data-id=\"063a608\" data-element_type=\"widget\" data-widget_type=\"text-editor.default\">\n\t\t\t\t<div class=\"elementor-widget-container\">\n\t\t\t\t\t\t\t\t\t<p>Ein Wechsel der Modelle ist nach Absprache m\u00f6glich.<\/p>\t\t\t\t\t\t\t\t<\/div>\n\t\t\t\t<\/div>\n\t\t\t\t<div class=\"elementor-element elementor-element-c6e00f6 elementor-widget elementor-widget-heading\" data-id=\"c6e00f6\" data-element_type=\"widget\" data-widget_type=\"heading.default\">\n\t\t\t\t<div class=\"elementor-widget-container\">\n\t\t\t\t\t<h3 class=\"elementor-heading-title elementor-size-default\">Gesch\u00e4ftsvorteil: Gro\u00dfeinkauf f\u00fcr Profis<\/h3>\t\t\t\t<\/div>\n\t\t\t\t<\/div>\n\t\t\t\t<div class=\"elementor-element elementor-element-b28ae72 elementor-widget elementor-widget-text-editor\" data-id=\"b28ae72\" data-element_type=\"widget\" data-widget_type=\"text-editor.default\">\n\t\t\t\t<div class=\"elementor-widget-container\">\n\t\t\t\t\t\t\t\t\t<p>Sind Sie als Therapeut, Einzelh\u00e4ndler oder Distributor t\u00e4tig? Dann k\u00f6nnen Sie auch von unserem <strong>Gro\u00dfeinkaufsprogramm<\/strong> profitieren: <\/p><p> <\/p><p><strong>Mindestbestellwert<\/strong>: 1.500 \u20ac <br><strong>Konditionen<\/strong>: eingetragenes Unternehmen mit Handelskammernummer<br><strong>Zahlung<\/strong>: per Rechnung, im Voraus<br><strong>Vorteil<\/strong>: attraktiver Mengenrabatt (Prozentsatz auf Anfrage)<\/p>\t\t\t\t\t\t\t\t<\/div>\n\t\t\t\t<\/div>\n\t\t\t\t<div class=\"elementor-element elementor-element-d1bd903 elementor-widget elementor-widget-heading\" data-id=\"d1bd903\" data-element_type=\"widget\" data-widget_type=\"heading.default\">\n\t\t\t\t<div class=\"elementor-widget-container\">\n\t\t\t\t\t<h3 class=\"elementor-heading-title elementor-size-default\">Bereit zum Start?<\/h3>\t\t\t\t<\/div>\n\t\t\t\t<\/div>\n\t\t\t\t<div class=\"elementor-element elementor-element-e2f16d0 elementor-widget elementor-widget-text-editor\" data-id=\"e2f16d0\" data-element_type=\"widget\" data-widget_type=\"text-editor.default\">\n\t\t\t\t<div class=\"elementor-widget-container\">\n\t\t\t\t\t\t\t\t\t<p>Nehmen Sie am VegaQura-Partnerprogramm teil und verbinden Sie Ihre Leidenschaft f\u00fcr Gesundheit mit einer zus\u00e4tzlichen Einnahmequelle.<\/p><p>\u00a0<\/p><p>Bewerben Sie sich \u00fcber: <a href=\"https:\/\/vegaqura.com\/affiliate-home\/affiliate-register\/\">das Formular.<\/a> Haben Sie Fragen oder m\u00f6chten Sie sich \u00fcber die M\u00f6glichkeiten informieren? Schicken Sie uns eine E-Mail an <strong>affiliate@vegaqura.com<\/strong><\/p><p><br \/>Gemeinsam schaffen wir eine lebendigere Welt.<\/p>\t\t\t\t\t\t\t\t<\/div>\n\t\t\t\t<\/div>\n\t\t\t\t<\/div>\n\t\t\t\t<\/div>\n\t\t<div class=\"elementor-element elementor-element-5c689a0 e-flex e-con-boxed e-con e-child\" data-id=\"5c689a0\" data-element_type=\"container\" data-settings=\"{&quot;background_background&quot;:&quot;classic&quot;}\">\n\t\t\t\t\t<div class=\"e-con-inner\">\n\t\t<div class=\"elementor-element elementor-element-3d4008c e-flex e-con-boxed e-con e-child\" data-id=\"3d4008c\" data-element_type=\"container\">\n\t\t\t\t\t<div class=\"e-con-inner\">\n\t\t<div class=\"elementor-element elementor-element-ca04a15 e-con-full e-flex e-con e-child\" data-id=\"ca04a15\" data-element_type=\"container\">\n\t\t\t\t<div class=\"elementor-element elementor-element-0577afe elementor-widget elementor-widget-heading\" data-id=\"0577afe\" data-element_type=\"widget\" data-widget_type=\"heading.default\">\n\t\t\t\t<div class=\"elementor-widget-container\">\n\t\t\t\t\t<h2 class=\"elementor-heading-title elementor-size-default\">Siehe auch<\/h2>\t\t\t\t<\/div>\n\t\t\t\t<\/div>\n\t\t\t\t<\/div>\n\t\t<div class=\"elementor-element elementor-element-9f4a20a e-grid e-con-full e-con e-child\" data-id=\"9f4a20a\" data-element_type=\"container\">\n\t\t<a class=\"elementor-element elementor-element-2cde6d6 e-con-full e-flex e-con e-child\" data-id=\"2cde6d6\" data-element_type=\"container\" data-settings=\"{&quot;background_background&quot;:&quot;classic&quot;}\" href=\"https:\/\/vegaqura.com\/de\/produktuebersicht\/\">\n\t\t\t\t<div class=\"elementor-element elementor-element-af24bc3 elementor-widget elementor-widget-heading\" data-id=\"af24bc3\" data-element_type=\"widget\" data-widget_type=\"heading.default\">\n\t\t\t\t<div class=\"elementor-widget-container\">\n\t\t\t\t\t<h3 class=\"elementor-heading-title elementor-size-default\">Unsere Produkte<\/h3>\t\t\t\t<\/div>\n\t\t\t\t<\/div>\n\t\t\t\t<div class=\"elementor-element elementor-element-d717e0a elementor-view-default elementor-widget elementor-widget-icon\" data-id=\"d717e0a\" data-element_type=\"widget\" data-widget_type=\"icon.default\">\n\t\t\t\t<div class=\"elementor-widget-container\">\n\t\t\t\t\t\t\t<div class=\"elementor-icon-wrapper\">\n\t\t\t<div class=\"elementor-icon\">\n\t\t\t<svg xmlns=\"http:\/\/www.w3.org\/2000\/svg\" width=\"20\" height=\"20\" viewBox=\"0 0 20 20\" fill=\"none\"><path fill-rule=\"evenodd\" clip-rule=\"evenodd\" d=\"M7.29289 4.29289C7.65338 3.93241 8.22061 3.90468 8.6129 4.2097L8.70711 4.29289L13.7071 9.29289C14.0676 9.65338 14.0953 10.2206 13.7903 10.6129L13.7071 10.7071L8.70711 15.7071C8.31658 16.0976 7.68342 16.0976 7.29289 15.7071C6.93241 15.3466 6.90468 14.7794 7.2097 14.3871L7.29289 14.2929L11.585 10L7.29289 5.70711C6.93241 5.34662 6.90468 4.77939 7.2097 4.3871L7.29289 4.29289Z\" fill=\"currentColor\"><\/path><\/svg>\t\t\t<\/div>\n\t\t<\/div>\n\t\t\t\t\t\t<\/div>\n\t\t\t\t<\/div>\n\t\t\t\t<\/a>\n\t\t<a class=\"elementor-element elementor-element-ba016b8 e-con-full e-flex e-con e-child\" data-id=\"ba016b8\" data-element_type=\"container\" data-settings=\"{&quot;background_background&quot;:&quot;classic&quot;}\" href=\"https:\/\/vegaqura.com\/de\/ueber-uns\/\">\n\t\t\t\t<div class=\"elementor-element elementor-element-94c609f elementor-widget elementor-widget-heading\" data-id=\"94c609f\" data-element_type=\"widget\" data-widget_type=\"heading.default\">\n\t\t\t\t<div class=\"elementor-widget-container\">\n\t\t\t\t\t<h3 class=\"elementor-heading-title elementor-size-default\">Unsere Geschichte<\/h3>\t\t\t\t<\/div>\n\t\t\t\t<\/div>\n\t\t\t\t<div class=\"elementor-element elementor-element-a123471 elementor-view-default elementor-widget elementor-widget-icon\" data-id=\"a123471\" data-element_type=\"widget\" data-widget_type=\"icon.default\">\n\t\t\t\t<div class=\"elementor-widget-container\">\n\t\t\t\t\t\t\t<div class=\"elementor-icon-wrapper\">\n\t\t\t<div class=\"elementor-icon\">\n\t\t\t<svg xmlns=\"http:\/\/www.w3.org\/2000\/svg\" width=\"20\" height=\"20\" viewBox=\"0 0 20 20\" fill=\"none\"><path fill-rule=\"evenodd\" clip-rule=\"evenodd\" d=\"M7.29289 4.29289C7.65338 3.93241 8.22061 3.90468 8.6129 4.2097L8.70711 4.29289L13.7071 9.29289C14.0676 9.65338 14.0953 10.2206 13.7903 10.6129L13.7071 10.7071L8.70711 15.7071C8.31658 16.0976 7.68342 16.0976 7.29289 15.7071C6.93241 15.3466 6.90468 14.7794 7.2097 14.3871L7.29289 14.2929L11.585 10L7.29289 5.70711C6.93241 5.34662 6.90468 4.77939 7.2097 4.3871L7.29289 4.29289Z\" fill=\"currentColor\"><\/path><\/svg>\t\t\t<\/div>\n\t\t<\/div>\n\t\t\t\t\t\t<\/div>\n\t\t\t\t<\/div>\n\t\t\t\t<\/a>\n\t\t<a class=\"elementor-element elementor-element-a487772 e-con-full e-flex e-con e-child\" data-id=\"a487772\" data-element_type=\"container\" data-settings=\"{&quot;background_background&quot;:&quot;classic&quot;}\" href=\"https:\/\/vegaqura.com\/de\/haeufig-gestellte-fragen\/\">\n\t\t\t\t<div class=\"elementor-element elementor-element-4f657c9 elementor-widget elementor-widget-heading\" data-id=\"4f657c9\" data-element_type=\"widget\" data-widget_type=\"heading.default\">\n\t\t\t\t<div class=\"elementor-widget-container\">\n\t\t\t\t\t<h3 class=\"elementor-heading-title elementor-size-default\">H\u00e4ufig gestellte Fragen<\/h3>\t\t\t\t<\/div>\n\t\t\t\t<\/div>\n\t\t\t\t<div class=\"elementor-element elementor-element-1f8329e elementor-view-default elementor-widget elementor-widget-icon\" data-id=\"1f8329e\" data-element_type=\"widget\" data-widget_type=\"icon.default\">\n\t\t\t\t<div class=\"elementor-widget-container\">\n\t\t\t\t\t\t\t<div class=\"elementor-icon-wrapper\">\n\t\t\t<div class=\"elementor-icon\">\n\t\t\t<svg xmlns=\"http:\/\/www.w3.org\/2000\/svg\" width=\"20\" height=\"20\" viewBox=\"0 0 20 20\" fill=\"none\"><path fill-rule=\"evenodd\" clip-rule=\"evenodd\" d=\"M7.29289 4.29289C7.65338 3.93241 8.22061 3.90468 8.6129 4.2097L8.70711 4.29289L13.7071 9.29289C14.0676 9.65338 14.0953 10.2206 13.7903 10.6129L13.7071 10.7071L8.70711 15.7071C8.31658 16.0976 7.68342 16.0976 7.29289 15.7071C6.93241 15.3466 6.90468 14.7794 7.2097 14.3871L7.29289 14.2929L11.585 10L7.29289 5.70711C6.93241 5.34662 6.90468 4.77939 7.2097 4.3871L7.29289 4.29289Z\" fill=\"currentColor\"><\/path><\/svg>\t\t\t<\/div>\n\t\t<\/div>\n\t\t\t\t\t\t<\/div>\n\t\t\t\t<\/div>\n\t\t\t\t<\/a>\n\t\t\t\t<\/div>\n\t\t\t\t\t<\/div>\n\t\t\t\t<\/div>\n\t\t\t\t\t<\/div>\n\t\t\t\t<\/div>\n\t\t\t\t\t<\/div>\n\t\t\t\t<\/div>\n\t\t\t\t<\/div>\n\t\t","protected":false},"excerpt":{"rendered":"<p>Werden Sie ein Partner von VegaQura Gesundes Leben inspirieren und verdienen Haben Sie eine Leidenschaft f\u00fcr Gesundheit, Vitalit\u00e4t und nat\u00fcrliche Nahrungserg\u00e4nzungsmittel? Dann treten Sie dem VegaQura Partnerprogramm und verdienen Sie eine attraktive Provision, indem Sie f\u00fcr unsere hochwertigen Produkte werben. Egal, ob Sie Therapeut, Gesundheitscoach, Influencer, Blogger oder einfach ein begeisterter Anwender sind &#8211; wir [&hellip;]<\/p>\n","protected":false},"author":7,"featured_media":0,"parent":0,"menu_order":0,"comment_status":"closed","ping_status":"closed","template":"","meta":{"_acf_changed":false,"_improvement_type_select":"improve_an_existing","_thumb_yes_seoaic":false,"_frame_yes_seoaic":false,"seoaic_generate_description":"","seoaic_improve_instructions_prompt":"","seoaic_rollback_content_improvement":"","seoaic_idea_thumbnail_generator":"","thumbnail_generated":false,"thumbnail_generate_prompt":"","seoaic_article_description":"","footnotes":""},"class_list":["post-4484","page","type-page","status-publish","hentry"],"acf":[],"_links":{"self":[{"href":"https:\/\/vegaqura.com\/de\/wp-json\/wp\/v2\/pages\/4484","targetHints":{"allow":["GET"]}}],"collection":[{"href":"https:\/\/vegaqura.com\/de\/wp-json\/wp\/v2\/pages"}],"about":[{"href":"https:\/\/vegaqura.com\/de\/wp-json\/wp\/v2\/types\/page"}],"author":[{"embeddable":true,"href":"https:\/\/vegaqura.com\/de\/wp-json\/wp\/v2\/users\/7"}],"replies":[{"embeddable":true,"href":"https:\/\/vegaqura.com\/de\/wp-json\/wp\/v2\/comments?post=4484"}],"version-history":[{"count":7,"href":"https:\/\/vegaqura.com\/de\/wp-json\/wp\/v2\/pages\/4484\/revisions"}],"predecessor-version":[{"id":4525,"href":"https:\/\/vegaqura.com\/de\/wp-json\/wp\/v2\/pages\/4484\/revisions\/4525"}],"wp:attachment":[{"href":"https:\/\/vegaqura.com\/de\/wp-json\/wp\/v2\/media?parent=4484"}],"curies":[{"name":"wp","href":"https:\/\/api.w.org\/{rel}","templated":true}]}}