{"id":2882,"date":"2024-11-13T15:29:38","date_gmt":"2024-11-13T14:29:38","guid":{"rendered":"https:\/\/vegaqura.com\/allgemeine-bedingungen-und-konditionen\/"},"modified":"2025-02-12T14:22:18","modified_gmt":"2025-02-12T13:22:18","slug":"allgemeine-bedingungen-und-konditionen","status":"publish","type":"page","link":"https:\/\/vegaqura.com\/de\/allgemeine-bedingungen-und-konditionen\/","title":{"rendered":"Allgemeine Bedingungen und Konditionen"},"content":{"rendered":"\t\t<div data-elementor-type=\"wp-page\" data-elementor-id=\"2882\" class=\"elementor elementor-2882 elementor-518\" data-elementor-post-type=\"page\">\n\t\t\t\t<div class=\"elementor-element elementor-element-a966b2b e-flex e-con-boxed e-con e-parent\" data-id=\"a966b2b\" data-element_type=\"container\">\n\t\t\t\t\t<div class=\"e-con-inner\">\n\t\t\t\t<div class=\"elementor-element elementor-element-38418e6 elementor-widget elementor-widget-heading\" data-id=\"38418e6\" data-element_type=\"widget\" data-widget_type=\"heading.default\">\n\t\t\t\t<div class=\"elementor-widget-container\">\n\t\t\t\t\t<h1 class=\"elementor-heading-title elementor-size-default\">Allgemeine Bedingungen und Konditionen<\/h1>\t\t\t\t<\/div>\n\t\t\t\t<\/div>\n\t\t\t\t<div class=\"elementor-element elementor-element-a945187 elementor-widget elementor-widget-text-editor\" data-id=\"a945187\" data-element_type=\"widget\" data-widget_type=\"text-editor.default\">\n\t\t\t\t<div class=\"elementor-widget-container\">\n\t\t\t\t\t\t\t\t\t<p><strong>Allgemeine Gesch\u00e4ftsbedingungen VegaQura<\/strong><\/p>\n<p>Willkommen bei VegaQura. Im Folgenden finden Sie die Allgemeinen Gesch\u00e4ftsbedingungen, die f\u00fcr alle unsere Produkte und Dienstleistungen gelten. Haben Sie irgendwelche Fragen? Dann kontaktieren Sie uns bitte unter <strong><a href=\"mailto:info@vegaqura.com\">info@vegaqura.com<\/a><\/strong>. W\u00e4hrend der B\u00fcrozeiten beantworten wir Ihre Fragen in der Regel innerhalb von 4 Stunden.    <\/p>\n<h3><strong>Inhaltsverzeichnis<\/strong><\/h3>\n<ol>\n<li>Definitionen<\/li>\n<li>Identit\u00e4t des Unternehmers<\/li>\n<li>Anwendbarkeit<\/li>\n<li>Das Angebot<\/li>\n<li>Die Vereinbarung<\/li>\n<li>Recht auf Widerruf<\/li>\n<li>Kosten im Falle eines R\u00fccktritts<\/li>\n<li>Ausschluss des Widerrufsrechts<\/li>\n<li>Der Preis<\/li>\n<li>Compliance und Garantie<\/li>\n<li>Lieferung und Ausf\u00fchrung<\/li>\n<li>Laufzeittransaktionen: Dauer, Beendigung und Erneuerung<\/li>\n<li>Bezahlung<\/li>\n<li>Beschwerdesystem<\/li>\n<li>Rechtsstreitigkeiten<\/li>\n<li>Zus\u00e4tzliche oder abweichende Bestimmungen<\/li>\n<\/ol>\n<h3> <\/h3>\n<h3><strong>Artikel 1 &#8211; Definitionen<\/strong><\/h3>\n<p>In diesen Bedingungen gelten die folgenden Definitionen:<\/p>\n<ul>\n<li><strong>Widerrufsfrist<\/strong>: die Frist, innerhalb derer der Verbraucher von seinem Widerrufsrecht Gebrauch machen kann.<\/li>\n<li><strong>Verbraucher<\/strong>: die nat\u00fcrliche Person, die nicht in Aus\u00fcbung eines Berufs oder Gewerbes handelt und einen Fernabsatzvertrag mit dem Unternehmer abschlie\u00dft.<\/li>\n<li><strong>Tag<\/strong>: Kalendertag.<\/li>\n<li><strong>Laufzeitgesch\u00e4ft<\/strong>: ein Fernabsatzvertrag, der sich auf eine Reihe von Produkten und\/oder Dienstleistungen bezieht, deren Liefer- und\/oder Kaufverpflichtung \u00fcber einen bestimmten Zeitraum verteilt ist.<\/li>\n<li><strong>Dauerhafter Datentr\u00e4ger<\/strong>: Jedes Mittel, mit dem der Verbraucher oder Unternehmer Informationen so speichern kann, dass sie auch in Zukunft abgerufen und unver\u00e4ndert wiedergegeben werden k\u00f6nnen.<\/li>\n<li><strong>Widerrufsrecht<\/strong>: die M\u00f6glichkeit f\u00fcr den Verbraucher, den Fernabsatzvertrag innerhalb der Bedenkzeit zu widerrufen.<\/li>\n<li><strong>Unternehmer<\/strong>: VegaQura, die juristische Person, die Verbrauchern im Fernabsatz Produkte und\/oder Dienstleistungen anbietet.<\/li>\n<li><strong>Fernabsatzvertrag<\/strong>: ein Vertrag, bei dem bis zum Abschluss des Vertrags ausschlie\u00dflich Fernkommunikationsmittel eingesetzt werden.<\/li>\n<\/ul>\n<h3> <\/h3>\n<h3><strong>Artikel 2 &#8211; Identit\u00e4t des Unternehmers<\/strong><\/h3>\n<p><br>Q-Health Europe V.O.F. Adresse:<br>Slotermeer 12, 8502 JT, Joure E-Mail Adresse:<strong><a href=\"mailto:info@vegaqura.com\">info@vegaqura.com<\/a><\/strong><br><br>Handelskammernummer: 94015791 Umsatzsteuer-Identifikationsnummer: NL866604716B01<\/p>\n<h3> <\/h3>\n<h3><strong>Artikel 3 &#8211; Anwendbarkeit<\/strong><\/h3>\n<ol>\n<li>Diese Allgemeinen Gesch\u00e4ftsbedingungen gelten f\u00fcr jedes Angebot des Unternehmers und f\u00fcr jeden Fernabsatzvertrag, der zwischen dem Unternehmer und dem Verbraucher geschlossen wird.<\/li>\n<li>Vor Abschluss des Fernabsatzvertrags wird dem Verbraucher der Text dieser allgemeinen Gesch\u00e4ftsbedingungen zur Verf\u00fcgung gestellt. Sollte dies nicht m\u00f6glich sein, wird darauf hingewiesen, wo die Bedingungen zu finden sind und dass sie auf Anfrage kostenlos zugesandt werden. <\/li>\n<li>Im Falle eines Widerspruchs zwischen spezifischen Produkt- oder Dienstleistungsbedingungen und diesen Allgemeinen Gesch\u00e4ftsbedingungen hat die f\u00fcr den Verbraucher g\u00fcnstigste Bestimmung Vorrang.<\/li>\n<\/ol>\n<h3> <\/h3>\n<h3><strong>Artikel 4 &#8211; Das Angebot<\/strong><\/h3>\n<ol>\n<li>Das Angebot enth\u00e4lt eine vollst\u00e4ndige und genaue Beschreibung der angebotenen Produkte und\/oder Dienstleistungen. Die Bilder sind eine wahrheitsgetreue Darstellung. <\/li>\n<li>Offensichtliche Fehler oder Irrt\u00fcmer im Angebot binden den Unternehmer nicht.<\/li>\n<li>Jedes Angebot enth\u00e4lt klare Angaben zum Preis (einschlie\u00dflich Steuern), zu eventuellen Versandkosten und zu den Rechten und Pflichten, die mit der Annahme des Angebots verbunden sind.<\/li>\n<\/ol>\n<h3> <\/h3>\n<h3><strong>Artikel 5 &#8211; Die Vereinbarung<\/strong><\/h3>\n<ol>\n<li>Der Vertrag kommt in dem Moment zustande, in dem der Verbraucher das Angebot annimmt und die festgelegten Bedingungen erf\u00fcllt.<\/li>\n<li>Wird der Vertrag auf elektronischem Wege geschlossen, hat der Unternehmer f\u00fcr angemessene technische und organisatorische Ma\u00dfnahmen zur Sicherung der elektronischen Daten\u00fcbertragung zu sorgen.<\/li>\n<li>Der Unternehmer best\u00e4tigt unverz\u00fcglich den Erhalt der Annahme des Angebots.<\/li>\n<li>Der Betreiber beh\u00e4lt sich das Recht vor, eine Bestellung abzulehnen oder zus\u00e4tzliche Bedingungen aufzuerlegen, wenn der Verdacht auf Missbrauch besteht.<\/li>\n<\/ol>\n<h3> <\/h3>\n<h3><strong>Artikel 6 &#8211; Recht auf Widerruf<\/strong><\/h3>\n<ol>\n<li>Der Verbraucher hat das Recht, innerhalb von <strong>60 Tagen<\/strong> nach Erhalt des Produkts ohne Angabe von Gr\u00fcnden vom Vertrag zur\u00fcckzutreten.<\/li>\n<li>W\u00e4hrend der Abk\u00fchlphase sollte der Verbraucher das Produkt und seine Verpackung mit Sorgfalt behandeln. Das Produkt sollte nur so weit ausgepackt oder verwendet werden, wie es zur Feststellung seiner Beschaffenheit, Eigenschaften und Funktionsweise erforderlich ist. <\/li>\n<li>F\u00fcr einen Widerruf sollten sich Verbraucher an folgende Adresse wenden <strong><a href=\"mailto:info@vegaqura.com\">info@vegaqura.com<\/a><\/strong> und verwenden Sie das Musterformular oder eine andere eindeutige Erkl\u00e4rung.<\/li>\n<\/ol>\n<h3> <\/h3>\n<h3><strong>Artikel 7 &#8211; Kosten im Falle des R\u00fccktritts<\/strong><\/h3>\n<ol>\n<li>Die Versandkosten f\u00fcr die R\u00fccksendung gehen zu Lasten des Verbrauchers.<\/li>\n<li>Der Unternehmer erstattet Ihnen innerhalb von <strong>14 Tagen<\/strong> nach Erhalt des zur\u00fcckgegebenen Produkts den vollen Kaufpreis, einschlie\u00dflich der Standardversandkosten.<\/li>\n<\/ol>\n<h3> <\/h3>\n<h3><strong>Artikel 8 &#8211; Ausschluss des Widerrufsrechts<\/strong><\/h3>\n<ol>\n<li>Das Widerrufsrecht kann f\u00fcr Produkte ausgeschlossen sein, die:\n<ul>\n<li>K\u00f6nnen schnell verderben oder haben eine begrenzte Haltbarkeit.<\/li>\n<li>Aus hygienischen Gr\u00fcnden nicht zur R\u00fcckgabe geeignet, wenn das Siegel gebrochen ist.<\/li>\n<\/ul>\n<\/li>\n<\/ol>\n<h3> <\/h3>\n<h3><strong>Artikel 9 &#8211; Der Preis<\/strong><\/h3>\n<ol>\n<li>Die angegebenen Preise enthalten die Mehrwertsteuer.<\/li>\n<li>Offensichtliche Fehler bei der Preisgestaltung sind f\u00fcr den Unternehmer nicht bindend.<\/li>\n<\/ol>\n<h3> <\/h3>\n<h3><strong>Artikel 10 &#8211; Konformit\u00e4t und Garantie<\/strong><\/h3>\n<ol>\n<li>Der Unternehmer garantiert, dass die Produkte dem Vertrag, den Spezifikationen im Angebot und den angemessenen Anforderungen an die Tauglichkeit und\/oder Verwendbarkeit entsprechen.<\/li>\n<li>Beanstandungen von M\u00e4ngeln m\u00fcssen innerhalb von <strong>14 Tagen<\/strong> nach ihrer Entdeckung schriftlich gemeldet werden.<\/li>\n<\/ol>\n<h3> <\/h3>\n<h3><strong>Artikel 11 &#8211; Lieferung und Ausf\u00fchrung<\/strong><\/h3>\n<ol>\n<li>Der Unternehmer wird bei der Bearbeitung und dem Versand von Bestellungen die gr\u00f6\u00dftm\u00f6gliche Sorgfalt walten lassen.<\/li>\n<li>Die Lieferung erfolgt an die vom Verbraucher angegebene Adresse.<\/li>\n<li>Wenn ein Produkt nicht rechtzeitig geliefert werden kann, wird der Verbraucher innerhalb von <strong>30 Tagen<\/strong> benachrichtigt und hat das Recht, den Vertrag kostenlos aufzul\u00f6sen.<\/li>\n<\/ol>\n<h3> <\/h3>\n<h3><strong>Artikel 12 &#8211; Laufzeitgesch\u00e4fte: Dauer, Beendigung und Erneuerung<\/strong><\/h3>\n<ol>\n<li>Der Verbraucher kann einen unbefristeten Vertrag jederzeit mit einer Frist <strong>von einem Monat<\/strong> k\u00fcndigen.<\/li>\n<li>Befristete Vertr\u00e4ge k\u00f6nnen zum Ende der Laufzeit gek\u00fcndigt werden.<\/li>\n<\/ol>\n<h3> <\/h3>\n<h3><strong>Artikel 13 &#8211; Zahlung<\/strong><\/h3>\n<ol>\n<li>Die Zahlungen sollten innerhalb der vereinbarten Frist erfolgen.<\/li>\n<li>Im Falle einer Nichtzahlung beh\u00e4lt sich der Betreiber das Recht vor, angemessene Kosten zu berechnen.<\/li>\n<\/ol>\n<h3> <\/h3>\n<h3><strong>Artikel 14 &#8211; Beschwerdeverfahren<\/strong><\/h3>\n<ol>\n<li>Beschwerden \u00fcber die Erf\u00fcllung des Vertrags m\u00fcssen innerhalb von <strong>7 Tagen<\/strong> nach Bekanntwerden schriftlich gemeldet werden \u00fcber <strong><a href=\"mailto:info@vegaqura.com\">info@vegaqura.com<\/a><\/strong>.<\/li>\n<li>Der Unternehmer antwortet auf Beschwerden innerhalb von <strong>14 Tagen<\/strong> nach Erhalt.<\/li>\n<\/ol>\n<h3> <\/h3>\n<h3><strong>Artikel 15 &#8211; Rechtsstreitigkeiten<\/strong><\/h3>\n<ol>\n<li>Auf Vertr\u00e4ge zwischen dem Unternehmer und dem Verbraucher ist ausschlie\u00dflich niederl\u00e4ndisches Recht anwendbar.<\/li>\n<\/ol>\n<h3> <\/h3>\n<h3><strong>Artikel 16 &#8211; Zus\u00e4tzliche oder abweichende Bestimmungen<\/strong><\/h3>\n<ol>\n<li>Zus\u00e4tzliche Bestimmungen d\u00fcrfen sich nicht zum Nachteil des Verbrauchers auswirken und m\u00fcssen schriftlich festgehalten werden.<\/li>\n<\/ol>\n<p> <\/p>\n<p>Bei Fragen zu diesen Bedingungen und Konditionen wenden Sie sich bitte an <strong><a href=\"mailto:info@vegaqura.com\">info@vegaqura.com<\/a><\/strong>.<\/p>\t\t\t\t\t\t\t\t<\/div>\n\t\t\t\t<\/div>\n\t\t\t\t\t<\/div>\n\t\t\t\t<\/div>\n\t\t\t\t<\/div>\n\t\t","protected":false},"excerpt":{"rendered":"<p>Allgemeine Gesch\u00e4ftsbedingungen VegaQura Willkommen bei VegaQura. Im Folgenden finden Sie die Allgemeinen Gesch\u00e4ftsbedingungen, die f\u00fcr alle unsere Produkte und Dienstleistungen gelten. Haben Sie irgendwelche Fragen? Dann kontaktieren Sie uns bitte unter info@vegaqura.com. W\u00e4hrend der B\u00fcrozeiten beantworten wir Ihre Fragen in der Regel innerhalb von 4 Stunden. Inhaltsverzeichnis Definitionen Identit\u00e4t des Unternehmers Anwendbarkeit Das Angebot Die [&hellip;]<\/p>\n","protected":false},"author":8,"featured_media":0,"parent":0,"menu_order":0,"comment_status":"closed","ping_status":"closed","template":"","meta":{"_acf_changed":false,"_improvement_type_select":"improve_an_existing","_thumb_yes_seoaic":false,"_frame_yes_seoaic":false,"seoaic_generate_description":"","seoaic_improve_instructions_prompt":"","seoaic_rollback_content_improvement":"","seoaic_idea_thumbnail_generator":"","thumbnail_generated":false,"thumbnail_generate_prompt":"","seoaic_article_description":"","footnotes":""},"class_list":["post-2882","page","type-page","status-publish","hentry"],"acf":[],"_links":{"self":[{"href":"https:\/\/vegaqura.com\/de\/wp-json\/wp\/v2\/pages\/2882","targetHints":{"allow":["GET"]}}],"collection":[{"href":"https:\/\/vegaqura.com\/de\/wp-json\/wp\/v2\/pages"}],"about":[{"href":"https:\/\/vegaqura.com\/de\/wp-json\/wp\/v2\/types\/page"}],"author":[{"embeddable":true,"href":"https:\/\/vegaqura.com\/de\/wp-json\/wp\/v2\/users\/8"}],"replies":[{"embeddable":true,"href":"https:\/\/vegaqura.com\/de\/wp-json\/wp\/v2\/comments?post=2882"}],"version-history":[{"count":1,"href":"https:\/\/vegaqura.com\/de\/wp-json\/wp\/v2\/pages\/2882\/revisions"}],"predecessor-version":[{"id":2885,"href":"https:\/\/vegaqura.com\/de\/wp-json\/wp\/v2\/pages\/2882\/revisions\/2885"}],"wp:attachment":[{"href":"https:\/\/vegaqura.com\/de\/wp-json\/wp\/v2\/media?parent=2882"}],"curies":[{"name":"wp","href":"https:\/\/api.w.org\/{rel}","templated":true}]}}