{"id":2874,"date":"2024-11-11T10:46:52","date_gmt":"2024-11-11T09:46:52","guid":{"rendered":"https:\/\/vegaqura.com\/unsere-methode\/"},"modified":"2025-02-12T14:22:18","modified_gmt":"2025-02-12T13:22:18","slug":"unsere-methode","status":"publish","type":"page","link":"https:\/\/vegaqura.com\/de\/unsere-methode\/","title":{"rendered":"Unsere Methode"},"content":{"rendered":"\t\t<div data-elementor-type=\"wp-page\" data-elementor-id=\"2874\" class=\"elementor elementor-2874 elementor-123\" data-elementor-post-type=\"page\">\n\t\t\t\t<div class=\"elementor-element elementor-element-e0efaaa e-flex e-con-boxed e-con e-parent\" data-id=\"e0efaaa\" data-element_type=\"container\" data-settings=\"{&quot;background_background&quot;:&quot;classic&quot;}\">\n\t\t\t\t\t<div class=\"e-con-inner\">\n\t\t<div class=\"elementor-element elementor-element-ad60b62 e-con-full e-flex e-con e-child\" data-id=\"ad60b62\" data-element_type=\"container\">\n\t\t<div class=\"elementor-element elementor-element-b48a07f e-con-full e-flex e-con e-child\" data-id=\"b48a07f\" data-element_type=\"container\" data-settings=\"{&quot;background_background&quot;:&quot;classic&quot;}\">\n\t\t\t\t<\/div>\n\t\t\t\t<div class=\"elementor-element elementor-element-d37e5b9 elementor-widget elementor-widget-heading\" data-id=\"d37e5b9\" data-element_type=\"widget\" data-widget_type=\"heading.default\">\n\t\t\t\t<div class=\"elementor-widget-container\">\n\t\t\t\t\t<h1 class=\"elementor-heading-title elementor-size-default\">Unsere Methode<\/h1>\t\t\t\t<\/div>\n\t\t\t\t<\/div>\n\t\t\t\t<\/div>\n\t\t\t\t\t<\/div>\n\t\t\t\t<\/div>\n\t\t<div class=\"elementor-element elementor-element-881091d e-flex e-con-boxed e-con e-parent\" data-id=\"881091d\" data-element_type=\"container\">\n\t\t\t\t\t<div class=\"e-con-inner\">\n\t\t<div class=\"elementor-element elementor-element-63cf68b e-con-full e-flex e-con e-child\" data-id=\"63cf68b\" data-element_type=\"container\">\n\t\t<div class=\"elementor-element elementor-element-a9991a8 e-con-full e-flex e-con e-child\" data-id=\"a9991a8\" data-element_type=\"container\">\n\t\t\t\t<div class=\"elementor-element elementor-element-cbdf9e0 elementor-widget elementor-widget-text-editor\" data-id=\"cbdf9e0\" data-element_type=\"widget\" data-widget_type=\"text-editor.default\">\n\t\t\t\t<div class=\"elementor-widget-container\">\n\t\t\t\t\t\t\t\t\t<p class=\"p1\">Wir bei VegaQura streben nach einer Welt, in der jeder Zugang zu einem gesunden und ausgewogenen Lebensstil hat, unabh\u00e4ngig von Alter oder aktuellem Fitnesslevel. Wir sehen Gesundheit als ein ganzheitliches Konzept, bei dem K\u00f6rper, Geist und Planet in Harmonie sind. <\/p>\n\t\t\t\t\t\t\t\t<\/div>\n\t\t\t\t<\/div>\n\t\t\t\t<\/div>\n\t\t<div class=\"elementor-element elementor-element-1bd4fcf e-con-full e-flex e-con e-child\" data-id=\"1bd4fcf\" data-element_type=\"container\">\n\t\t\t\t<div class=\"elementor-element elementor-element-215c69e elementor-widget elementor-widget-text-editor\" data-id=\"215c69e\" data-element_type=\"widget\" data-widget_type=\"text-editor.default\">\n\t\t\t\t<div class=\"elementor-widget-container\">\n\t\t\t\t\t\t\t\t\t<p class=\"p1\">Durch die Verwendung nat\u00fcrlicher, veganer Zutaten und nachhaltiger Prinzipien m\u00f6chten wir zu einer Zukunft beitragen, in der Gesundheit, Vitalit\u00e4t, Wohlbefinden und Respekt f\u00fcr die Erde Hand in Hand gehen.<\/p>\n<p>Unsere Inspiration stammt aus Regionen der Welt, in denen die Menschen l\u00e4nger und ges\u00fcnder leben. Das liegt zum Teil an der regelm\u00e4\u00dfigen Entgiftung und der Aufmerksamkeit f\u00fcr eine gesunde Verdauung. Indem Sie Ihren Darm regelm\u00e4\u00dfig &#8222;zur\u00fccksetzen&#8220;, k\u00f6nnen Sie angesammelte Abfallstoffe loswerden. Eine gute Verdauung sorgt f\u00fcr eine bessere Aufnahme von N\u00e4hrstoffen, und Enzyme unterst\u00fctzen wichtige Prozesse wie die Verdauung, die Entz\u00fcndungshemmung und den Zellschutz.   <\/p>\n\t\t\t\t\t\t\t\t<\/div>\n\t\t\t\t<\/div>\n\t\t\t\t<\/div>\n\t\t\t\t<\/div>\n\t\t<div class=\"elementor-element elementor-element-0cbaa99 e-con-full e-flex e-con e-child\" data-id=\"0cbaa99\" data-element_type=\"container\">\n\t\t<div class=\"elementor-element elementor-element-8b76fca e-con-full e-flex e-con e-child\" data-id=\"8b76fca\" data-element_type=\"container\">\n\t\t<div class=\"elementor-element elementor-element-7def13f e-con-full bg-img e-flex e-con e-child\" data-id=\"7def13f\" data-element_type=\"container\">\n\t\t\t\t<div class=\"elementor-element elementor-element-4d29757 elementor-widget elementor-widget-image\" data-id=\"4d29757\" data-element_type=\"widget\" data-widget_type=\"image.default\">\n\t\t\t\t<div class=\"elementor-widget-container\">\n\t\t\t\t\t\t\t\t\t\t\t\t\t\t\t<img fetchpriority=\"high\" decoding=\"async\" width=\"800\" height=\"438\" src=\"https:\/\/vegaqura.com\/wp-content\/uploads\/2024\/11\/Image-1-1024x560.png\" class=\"attachment-large size-large wp-image-459\" alt=\"\" srcset=\"https:\/\/vegaqura.com\/wp-content\/uploads\/2024\/11\/Image-1-1024x560.png 1024w, https:\/\/vegaqura.com\/wp-content\/uploads\/2024\/11\/Image-1-600x328.png 600w, https:\/\/vegaqura.com\/wp-content\/uploads\/2024\/11\/Image-1-300x164.png 300w, https:\/\/vegaqura.com\/wp-content\/uploads\/2024\/11\/Image-1-768x420.png 768w, https:\/\/vegaqura.com\/wp-content\/uploads\/2024\/11\/Image-1.png 1170w\" sizes=\"(max-width: 800px) 100vw, 800px\" \/>\t\t\t\t\t\t\t\t\t\t\t\t\t\t\t<\/div>\n\t\t\t\t<\/div>\n\t\t\t\t<\/div>\n\t\t<div class=\"elementor-element elementor-element-4e2a88f e-con-full e-flex e-con e-child\" data-id=\"4e2a88f\" data-element_type=\"container\" data-settings=\"{&quot;background_background&quot;:&quot;classic&quot;}\">\n\t\t<div class=\"elementor-element elementor-element-22dd7c4 e-con-full e-flex e-con e-child\" data-id=\"22dd7c4\" data-element_type=\"container\">\n\t\t\t\t<div class=\"elementor-element elementor-element-42f2a85 elementor-widget elementor-widget-heading\" data-id=\"42f2a85\" data-element_type=\"widget\" data-widget_type=\"heading.default\">\n\t\t\t\t<div class=\"elementor-widget-container\">\n\t\t\t\t\t<h2 class=\"elementor-heading-title elementor-size-default\">Was VegaQura besonders macht<\/h2>\t\t\t\t<\/div>\n\t\t\t\t<\/div>\n\t\t\t\t<div class=\"elementor-element elementor-element-93995de elementor-widget elementor-widget-text-editor\" data-id=\"93995de\" data-element_type=\"widget\" data-widget_type=\"text-editor.default\">\n\t\t\t\t<div class=\"elementor-widget-container\">\n\t\t\t\t\t\t\t\t\t<p class=\"p1\">Wir m\u00f6chten Menschen zu einem ges\u00fcnderen Leben inspirieren und sie dabei unterst\u00fctzen, indem wir hochwertige, nat\u00fcrliche und nachhaltige Produkte anbieten.<\/p>\n<\/p>\n<p class=\"p1\">Unsere Produkte sind sorgf\u00e4ltig formuliert, um Energie, Ausgeglichenheit und Wohlbefinden zu f\u00f6rdern, damit Menschen ihr volles Potenzial aussch\u00f6pfen k\u00f6nnen &#8211; entweder pr\u00e4ventiv oder wenn bereits gesundheitliche Probleme bestehen.<\/p>\n\t\t\t\t\t\t\t\t<\/div>\n\t\t\t\t<\/div>\n\t\t\t\t<\/div>\n\t\t\t\t<\/div>\n\t\t\t\t<\/div>\n\t\t\t\t<\/div>\n\t\t<div class=\"elementor-element elementor-element-a20f7b6 e-con-full e-flex e-con e-child\" data-id=\"a20f7b6\" data-element_type=\"container\">\n\t\t<div class=\"elementor-element elementor-element-af9a1ed e-con-full e-flex e-con e-child\" data-id=\"af9a1ed\" data-element_type=\"container\">\n\t\t<div class=\"elementor-element elementor-element-110da03 e-con-full e-flex e-con e-child\" data-id=\"110da03\" data-element_type=\"container\">\n\t\t<div class=\"elementor-element elementor-element-8416b47 e-con-full e-flex e-con e-child\" data-id=\"8416b47\" data-element_type=\"container\">\n\t\t\t\t<div class=\"elementor-element elementor-element-eeb826f elementor-widget__width-initial elementor-widget elementor-widget-image\" data-id=\"eeb826f\" data-element_type=\"widget\" data-widget_type=\"image.default\">\n\t\t\t\t<div class=\"elementor-widget-container\">\n\t\t\t\t\t\t\t\t\t\t\t\t\t\t\t<img decoding=\"async\" width=\"570\" height=\"304\" src=\"https:\/\/vegaqura.com\/wp-content\/uploads\/2024\/11\/Image-4.png\" class=\"attachment-large size-large wp-image-468\" alt=\"\" srcset=\"https:\/\/vegaqura.com\/wp-content\/uploads\/2024\/11\/Image-4.png 570w, https:\/\/vegaqura.com\/wp-content\/uploads\/2024\/11\/Image-4-300x160.png 300w\" sizes=\"(max-width: 570px) 100vw, 570px\" \/>\t\t\t\t\t\t\t\t\t\t\t\t\t\t\t<\/div>\n\t\t\t\t<\/div>\n\t\t\t\t<\/div>\n\t\t\t\t<\/div>\n\t\t<div class=\"elementor-element elementor-element-c324755 e-con-full e-flex e-con e-child\" data-id=\"c324755\" data-element_type=\"container\" data-settings=\"{&quot;background_background&quot;:&quot;classic&quot;}\">\n\t\t<div class=\"elementor-element elementor-element-d7d477f e-con-full e-flex e-con e-child\" data-id=\"d7d477f\" data-element_type=\"container\">\n\t\t\t\t<div class=\"elementor-element elementor-element-59d41c9 elementor-widget elementor-widget-heading\" data-id=\"59d41c9\" data-element_type=\"widget\" data-widget_type=\"heading.default\">\n\t\t\t\t<div class=\"elementor-widget-container\">\n\t\t\t\t\t<h2 class=\"elementor-heading-title elementor-size-default\">Sorgf\u00e4ltig formulierte Produkte<\/h2>\t\t\t\t<\/div>\n\t\t\t\t<\/div>\n\t\t\t\t<div class=\"elementor-element elementor-element-039dd71 elementor-widget elementor-widget-text-editor\" data-id=\"039dd71\" data-element_type=\"widget\" data-widget_type=\"text-editor.default\">\n\t\t\t\t<div class=\"elementor-widget-container\">\n\t\t\t\t\t\t\t\t\t<p class=\"p1\">Bei VegaQura verwenden wir nur die hochwertigsten nat\u00fcrlichen Zutaten. Das &#8222;Q&#8220; in VegaQura steht f\u00fcr die Qualit\u00e4t und die Kreisl\u00e4ufigkeit des Lebens &#8211; ein fortlaufender Produktzyklus, in den Sie jederzeit einsteigen k\u00f6nnen. <\/p>\n<\/p>\n<p class=\"p1\">Wir empfehlen Ihnen, den gesamten Zyklus (Base, Boost, Balance) f\u00fcr ein optimales Gleichgewicht in Ihrem K\u00f6rper zu durchlaufen. Oder w\u00e4hlen Sie flexibel ein Produkt aus, das Sie gerade brauchen, wie z.B. unsere Probiotika, fl\u00fcssige Enzyme f\u00fcr einen schnellen Schub oder den Vitalizer zur pr\u00e4ventiven Unterst\u00fctzung. <\/p>\n\t\t\t\t\t\t\t\t<\/div>\n\t\t\t\t<\/div>\n\t\t\t\t<\/div>\n\t\t\t\t<\/div>\n\t\t\t\t<\/div>\n\t\t\t\t<\/div>\n\t\t<div class=\"elementor-element elementor-element-5c689a0 e-flex e-con-boxed e-con e-child\" data-id=\"5c689a0\" data-element_type=\"container\" data-settings=\"{&quot;background_background&quot;:&quot;classic&quot;}\">\n\t\t\t\t\t<div class=\"e-con-inner\">\n\t\t<div class=\"elementor-element elementor-element-3d4008c e-flex e-con-boxed e-con e-child\" data-id=\"3d4008c\" data-element_type=\"container\">\n\t\t\t\t\t<div class=\"e-con-inner\">\n\t\t<div class=\"elementor-element elementor-element-ca04a15 e-con-full e-flex e-con e-child\" data-id=\"ca04a15\" data-element_type=\"container\">\n\t\t\t\t<div class=\"elementor-element elementor-element-0577afe elementor-widget elementor-widget-heading\" data-id=\"0577afe\" data-element_type=\"widget\" data-widget_type=\"heading.default\">\n\t\t\t\t<div class=\"elementor-widget-container\">\n\t\t\t\t\t<h2 class=\"elementor-heading-title elementor-size-default\">Siehe auch<\/h2>\t\t\t\t<\/div>\n\t\t\t\t<\/div>\n\t\t\t\t<\/div>\n\t\t<div class=\"elementor-element elementor-element-9f4a20a e-grid e-con-full e-con e-child\" data-id=\"9f4a20a\" data-element_type=\"container\">\n\t\t<a class=\"elementor-element elementor-element-2cde6d6 e-con-full e-flex e-con e-child\" data-id=\"2cde6d6\" data-element_type=\"container\" data-settings=\"{&quot;background_background&quot;:&quot;classic&quot;}\" href=\"https:\/\/vegaqura.com\/de\/produktuebersicht\/\">\n\t\t\t\t<div class=\"elementor-element elementor-element-af24bc3 elementor-widget elementor-widget-heading\" data-id=\"af24bc3\" data-element_type=\"widget\" data-widget_type=\"heading.default\">\n\t\t\t\t<div class=\"elementor-widget-container\">\n\t\t\t\t\t<h3 class=\"elementor-heading-title elementor-size-default\">Unsere Produkte<\/h3>\t\t\t\t<\/div>\n\t\t\t\t<\/div>\n\t\t\t\t<div class=\"elementor-element elementor-element-d717e0a elementor-view-default elementor-widget elementor-widget-icon\" data-id=\"d717e0a\" data-element_type=\"widget\" data-widget_type=\"icon.default\">\n\t\t\t\t<div class=\"elementor-widget-container\">\n\t\t\t\t\t\t\t<div class=\"elementor-icon-wrapper\">\n\t\t\t<div class=\"elementor-icon\">\n\t\t\t<svg xmlns=\"http:\/\/www.w3.org\/2000\/svg\" width=\"20\" height=\"20\" viewBox=\"0 0 20 20\" fill=\"none\"><path fill-rule=\"evenodd\" clip-rule=\"evenodd\" d=\"M7.29289 4.29289C7.65338 3.93241 8.22061 3.90468 8.6129 4.2097L8.70711 4.29289L13.7071 9.29289C14.0676 9.65338 14.0953 10.2206 13.7903 10.6129L13.7071 10.7071L8.70711 15.7071C8.31658 16.0976 7.68342 16.0976 7.29289 15.7071C6.93241 15.3466 6.90468 14.7794 7.2097 14.3871L7.29289 14.2929L11.585 10L7.29289 5.70711C6.93241 5.34662 6.90468 4.77939 7.2097 4.3871L7.29289 4.29289Z\" fill=\"currentColor\"><\/path><\/svg>\t\t\t<\/div>\n\t\t<\/div>\n\t\t\t\t\t\t<\/div>\n\t\t\t\t<\/div>\n\t\t\t\t<\/a>\n\t\t<a class=\"elementor-element elementor-element-ba016b8 e-con-full e-flex e-con e-child\" data-id=\"ba016b8\" data-element_type=\"container\" data-settings=\"{&quot;background_background&quot;:&quot;classic&quot;}\" href=\"https:\/\/vegaqura.com\/de\/ueber-uns\/\">\n\t\t\t\t<div class=\"elementor-element elementor-element-94c609f elementor-widget elementor-widget-heading\" data-id=\"94c609f\" data-element_type=\"widget\" data-widget_type=\"heading.default\">\n\t\t\t\t<div class=\"elementor-widget-container\">\n\t\t\t\t\t<h3 class=\"elementor-heading-title elementor-size-default\">Unsere Geschichte<\/h3>\t\t\t\t<\/div>\n\t\t\t\t<\/div>\n\t\t\t\t<div class=\"elementor-element elementor-element-a123471 elementor-view-default elementor-widget elementor-widget-icon\" data-id=\"a123471\" data-element_type=\"widget\" data-widget_type=\"icon.default\">\n\t\t\t\t<div class=\"elementor-widget-container\">\n\t\t\t\t\t\t\t<div class=\"elementor-icon-wrapper\">\n\t\t\t<div class=\"elementor-icon\">\n\t\t\t<svg xmlns=\"http:\/\/www.w3.org\/2000\/svg\" width=\"20\" height=\"20\" viewBox=\"0 0 20 20\" fill=\"none\"><path fill-rule=\"evenodd\" clip-rule=\"evenodd\" d=\"M7.29289 4.29289C7.65338 3.93241 8.22061 3.90468 8.6129 4.2097L8.70711 4.29289L13.7071 9.29289C14.0676 9.65338 14.0953 10.2206 13.7903 10.6129L13.7071 10.7071L8.70711 15.7071C8.31658 16.0976 7.68342 16.0976 7.29289 15.7071C6.93241 15.3466 6.90468 14.7794 7.2097 14.3871L7.29289 14.2929L11.585 10L7.29289 5.70711C6.93241 5.34662 6.90468 4.77939 7.2097 4.3871L7.29289 4.29289Z\" fill=\"currentColor\"><\/path><\/svg>\t\t\t<\/div>\n\t\t<\/div>\n\t\t\t\t\t\t<\/div>\n\t\t\t\t<\/div>\n\t\t\t\t<\/a>\n\t\t<a class=\"elementor-element elementor-element-a487772 e-con-full e-flex e-con e-child\" data-id=\"a487772\" data-element_type=\"container\" data-settings=\"{&quot;background_background&quot;:&quot;classic&quot;}\" href=\"https:\/\/vegaqura.com\/de\/haeufig-gestellte-fragen\/\">\n\t\t\t\t<div class=\"elementor-element elementor-element-4f657c9 elementor-widget elementor-widget-heading\" data-id=\"4f657c9\" data-element_type=\"widget\" data-widget_type=\"heading.default\">\n\t\t\t\t<div class=\"elementor-widget-container\">\n\t\t\t\t\t<h3 class=\"elementor-heading-title elementor-size-default\">H\u00e4ufig gestellte Fragen<\/h3>\t\t\t\t<\/div>\n\t\t\t\t<\/div>\n\t\t\t\t<div class=\"elementor-element elementor-element-1f8329e elementor-view-default elementor-widget elementor-widget-icon\" data-id=\"1f8329e\" data-element_type=\"widget\" data-widget_type=\"icon.default\">\n\t\t\t\t<div class=\"elementor-widget-container\">\n\t\t\t\t\t\t\t<div class=\"elementor-icon-wrapper\">\n\t\t\t<div class=\"elementor-icon\">\n\t\t\t<svg xmlns=\"http:\/\/www.w3.org\/2000\/svg\" width=\"20\" height=\"20\" viewBox=\"0 0 20 20\" fill=\"none\"><path fill-rule=\"evenodd\" clip-rule=\"evenodd\" d=\"M7.29289 4.29289C7.65338 3.93241 8.22061 3.90468 8.6129 4.2097L8.70711 4.29289L13.7071 9.29289C14.0676 9.65338 14.0953 10.2206 13.7903 10.6129L13.7071 10.7071L8.70711 15.7071C8.31658 16.0976 7.68342 16.0976 7.29289 15.7071C6.93241 15.3466 6.90468 14.7794 7.2097 14.3871L7.29289 14.2929L11.585 10L7.29289 5.70711C6.93241 5.34662 6.90468 4.77939 7.2097 4.3871L7.29289 4.29289Z\" fill=\"currentColor\"><\/path><\/svg>\t\t\t<\/div>\n\t\t<\/div>\n\t\t\t\t\t\t<\/div>\n\t\t\t\t<\/div>\n\t\t\t\t<\/a>\n\t\t\t\t<\/div>\n\t\t\t\t\t<\/div>\n\t\t\t\t<\/div>\n\t\t\t\t\t<\/div>\n\t\t\t\t<\/div>\n\t\t\t\t\t<\/div>\n\t\t\t\t<\/div>\n\t\t\t\t<\/div>\n\t\t","protected":false},"excerpt":{"rendered":"<p>Unsere Methode Wir bei VegaQura streben nach einer Welt, in der jeder Zugang zu einem gesunden und ausgewogenen Lebensstil hat, unabh\u00e4ngig von Alter oder aktuellem Fitnesslevel. Wir sehen Gesundheit als ein ganzheitliches Konzept, bei dem K\u00f6rper, Geist und Planet in Harmonie sind. Durch die Verwendung nat\u00fcrlicher, veganer Zutaten und nachhaltiger Prinzipien m\u00f6chten wir zu einer [&hellip;]<\/p>\n","protected":false},"author":8,"featured_media":0,"parent":0,"menu_order":0,"comment_status":"closed","ping_status":"closed","template":"","meta":{"_acf_changed":false,"_improvement_type_select":"improve_an_existing","_thumb_yes_seoaic":false,"_frame_yes_seoaic":false,"seoaic_generate_description":"","seoaic_improve_instructions_prompt":"","seoaic_rollback_content_improvement":"","seoaic_idea_thumbnail_generator":"","thumbnail_generated":false,"thumbnail_generate_prompt":"","seoaic_article_description":"","footnotes":""},"class_list":["post-2874","page","type-page","status-publish","hentry"],"acf":[],"_links":{"self":[{"href":"https:\/\/vegaqura.com\/de\/wp-json\/wp\/v2\/pages\/2874","targetHints":{"allow":["GET"]}}],"collection":[{"href":"https:\/\/vegaqura.com\/de\/wp-json\/wp\/v2\/pages"}],"about":[{"href":"https:\/\/vegaqura.com\/de\/wp-json\/wp\/v2\/types\/page"}],"author":[{"embeddable":true,"href":"https:\/\/vegaqura.com\/de\/wp-json\/wp\/v2\/users\/8"}],"replies":[{"embeddable":true,"href":"https:\/\/vegaqura.com\/de\/wp-json\/wp\/v2\/comments?post=2874"}],"version-history":[{"count":1,"href":"https:\/\/vegaqura.com\/de\/wp-json\/wp\/v2\/pages\/2874\/revisions"}],"predecessor-version":[{"id":2878,"href":"https:\/\/vegaqura.com\/de\/wp-json\/wp\/v2\/pages\/2874\/revisions\/2878"}],"wp:attachment":[{"href":"https:\/\/vegaqura.com\/de\/wp-json\/wp\/v2\/media?parent=2874"}],"curies":[{"name":"wp","href":"https:\/\/api.w.org\/{rel}","templated":true}]}}