{"id":2859,"date":"2024-11-11T10:43:38","date_gmt":"2024-11-11T09:43:38","guid":{"rendered":"https:\/\/vegaqura.com\/rueckkehr\/"},"modified":"2025-06-18T12:44:41","modified_gmt":"2025-06-18T10:44:41","slug":"rueckkehr","status":"publish","type":"page","link":"https:\/\/vegaqura.com\/de\/rueckkehr\/","title":{"rendered":"R\u00fcckkehr"},"content":{"rendered":"\t\t<div data-elementor-type=\"wp-page\" data-elementor-id=\"2859\" class=\"elementor elementor-2859 elementor-115\" data-elementor-post-type=\"page\">\n\t\t\t\t<div class=\"elementor-element elementor-element-abc0571 e-flex e-con-boxed e-con e-parent\" data-id=\"abc0571\" data-element_type=\"container\" data-settings=\"{&quot;background_background&quot;:&quot;classic&quot;}\">\n\t\t\t\t\t<div class=\"e-con-inner\">\n\t\t<div class=\"elementor-element elementor-element-3395125 e-con-full e-flex e-con e-child\" data-id=\"3395125\" data-element_type=\"container\">\n\t\t<div class=\"elementor-element elementor-element-01a34d3 e-con-full e-flex e-con e-child\" data-id=\"01a34d3\" data-element_type=\"container\" data-settings=\"{&quot;background_background&quot;:&quot;classic&quot;}\">\n\t\t\t\t<\/div>\n\t\t\t\t<div class=\"elementor-element elementor-element-f7009d8 elementor-widget elementor-widget-heading\" data-id=\"f7009d8\" data-element_type=\"widget\" data-widget_type=\"heading.default\">\n\t\t\t\t<div class=\"elementor-widget-container\">\n\t\t\t\t\t<h1 class=\"elementor-heading-title elementor-size-default\">R\u00fcckkehr<\/h1>\t\t\t\t<\/div>\n\t\t\t\t<\/div>\n\t\t\t\t<\/div>\n\t\t\t\t\t<\/div>\n\t\t\t\t<\/div>\n\t\t<div class=\"elementor-element elementor-element-2b803ef e-flex e-con-boxed e-con e-parent\" data-id=\"2b803ef\" data-element_type=\"container\">\n\t\t\t\t\t<div class=\"e-con-inner\">\n\t\t<div class=\"elementor-element elementor-element-5a49732 e-con-full e-flex e-con e-child\" data-id=\"5a49732\" data-element_type=\"container\">\n\t\t<div class=\"elementor-element elementor-element-3601026 e-con-full e-flex e-con e-child\" data-id=\"3601026\" data-element_type=\"container\">\n\t\t<div class=\"elementor-element elementor-element-8e4211c e-con-full e-flex e-con e-child\" data-id=\"8e4211c\" data-element_type=\"container\">\n\t\t\t\t<div class=\"elementor-element elementor-element-07186d7 elementor-widget elementor-widget-heading\" data-id=\"07186d7\" data-element_type=\"widget\" data-widget_type=\"heading.default\">\n\t\t\t\t<div class=\"elementor-widget-container\">\n\t\t\t\t\t<h2 class=\"elementor-heading-title elementor-size-default\">Einfache und problemlose R\u00fccksendung Ihrer Bestellung<\/h2>\t\t\t\t<\/div>\n\t\t\t\t<\/div>\n\t\t\t\t<\/div>\n\t\t\t\t<div class=\"elementor-element elementor-element-a517845 elementor-widget elementor-widget-text-editor\" data-id=\"a517845\" data-element_type=\"widget\" data-widget_type=\"text-editor.default\">\n\t\t\t\t<div class=\"elementor-widget-container\">\n\t\t\t\t\t\t\t\t\t<p>Wir von VegaQura setzen alles daran, Ihre Bestellung zu Ihrer Zufriedenheit zu liefern. Sollten Sie dennoch nicht ganz zufrieden sein, k\u00f6nnen Sie Ihre Bestellung innerhalb von <strong>14 Tagen nach Erhalt<\/strong> problemlos zur\u00fccksenden. Vergewissern Sie sich, dass das Produkt unge\u00f6ffnet und in seinem urspr\u00fcnglichen Zustand ist.  <\/p>\n<p>M\u00f6chten Sie eine R\u00fccksendung anmelden? Dann kontaktieren Sie bitte unseren Kundenservice unter info@vegaqura.com. Wir helfen Ihnen gerne mit den R\u00fcckgabeanweisungen.  <\/p>\n<p>Weitere Informationen zu unseren R\u00fcckgabebedingungen finden Sie in unseren <strong>h\u00e4ufig gestellten Fragen<\/strong> oder kontaktieren Sie uns.<\/p>\n\t\t\t\t\t\t\t\t<\/div>\n\t\t\t\t<\/div>\n\t\t\t\t<\/div>\n\t\t\t\t<\/div>\n\t\t\t\t\t<\/div>\n\t\t\t\t<\/div>\n\t\t<div class=\"elementor-element elementor-element-5b2b579 e-flex e-con-boxed e-con e-parent\" data-id=\"5b2b579\" data-element_type=\"container\">\n\t\t\t\t\t<div class=\"e-con-inner\">\n\t\t<div class=\"elementor-element elementor-element-b30ecb4 e-con-full e-flex e-con e-child\" data-id=\"b30ecb4\" data-element_type=\"container\">\n\t\t\t\t<div class=\"elementor-element elementor-element-2b96b42 elementor-widget elementor-widget-heading\" data-id=\"2b96b42\" data-element_type=\"widget\" data-widget_type=\"heading.default\">\n\t\t\t\t<div class=\"elementor-widget-container\">\n\t\t\t\t\t<h2 class=\"elementor-heading-title elementor-size-default\">H\u00e4ufig gestellte Fragen<\/h2>\t\t\t\t<\/div>\n\t\t\t\t<\/div>\n\t\t\t\t<div class=\"elementor-element elementor-element-ea8aaee elementor-widget elementor-widget-n-accordion\" data-id=\"ea8aaee\" data-element_type=\"widget\" data-settings=\"{&quot;default_state&quot;:&quot;expanded&quot;,&quot;max_items_expended&quot;:&quot;one&quot;,&quot;n_accordion_animation_duration&quot;:{&quot;unit&quot;:&quot;ms&quot;,&quot;size&quot;:400,&quot;sizes&quot;:[]}}\" data-widget_type=\"nested-accordion.default\">\n\t\t\t\t<div class=\"elementor-widget-container\">\n\t\t\t\t\t\t\t<div class=\"e-n-accordion\" aria-label=\"Accordion. Open links with Enter or Space, close with Escape, and navigate with Arrow Keys\">\n\t\t\t\t\t\t<details id=\"e-n-accordion-item-2450\" class=\"e-n-accordion-item\" open>\n\t\t\t\t<summary class=\"e-n-accordion-item-title\" data-accordion-index=\"1\" tabindex=\"0\" aria-expanded=\"true\" aria-controls=\"e-n-accordion-item-2450\" >\n\t\t\t\t\t<span class='e-n-accordion-item-title-header'><div class=\"e-n-accordion-item-title-text\"> Kann ich ein Produkt zur\u00fcckgeben? <\/div><\/span>\n\t\t\t\t\t\t\t<span class='e-n-accordion-item-title-icon'>\n\t\t\t<span class='e-opened' ><svg xmlns=\"http:\/\/www.w3.org\/2000\/svg\" width=\"20\" height=\"20\" viewBox=\"0 0 20 20\" fill=\"none\"><path fill-rule=\"evenodd\" clip-rule=\"evenodd\" d=\"M9.29289 6.29289C9.65338 5.93241 10.2206 5.90468 10.6129 6.2097L10.7071 6.29289L15.7071 11.2929C16.0976 11.6834 16.0976 12.3166 15.7071 12.7071C15.3466 13.0676 14.7794 13.0953 14.3871 12.7903L14.2929 12.7071L10 8.415L5.70711 12.7071C5.34662 13.0676 4.77939 13.0953 4.3871 12.7903L4.29289 12.7071C3.93241 12.3466 3.90468 11.7794 4.2097 11.3871L4.29289 11.2929L9.29289 6.29289Z\" fill=\"currentColor\"><\/path><\/svg><\/span>\n\t\t\t<span class='e-closed'><svg xmlns=\"http:\/\/www.w3.org\/2000\/svg\" width=\"20\" height=\"20\" viewBox=\"0 0 20 20\" fill=\"none\"><path fill-rule=\"evenodd\" clip-rule=\"evenodd\" d=\"M4.29289 7.29289C4.65338 6.93241 5.22061 6.90468 5.6129 7.2097L5.70711 7.29289L10 11.585L14.2929 7.29289C14.6534 6.93241 15.2206 6.90468 15.6129 7.2097L15.7071 7.29289C16.0676 7.65338 16.0953 8.22061 15.7903 8.6129L15.7071 8.70711L10.7071 13.7071C10.3466 14.0676 9.77939 14.0953 9.3871 13.7903L9.29289 13.7071L4.29289 8.70711C3.90237 8.31658 3.90237 7.68342 4.29289 7.29289Z\" fill=\"currentColor\"><\/path><\/svg><\/span>\n\t\t<\/span>\n\n\t\t\t\t\t\t<\/summary>\n\t\t\t\t<div role=\"region\" aria-labelledby=\"e-n-accordion-item-2450\" class=\"elementor-element elementor-element-222eb1c e-con-full e-flex e-con e-child\" data-id=\"222eb1c\" data-element_type=\"container\">\n\t\t\t\t<div class=\"elementor-element elementor-element-4e75250 elementor-widget elementor-widget-text-editor\" data-id=\"4e75250\" data-element_type=\"widget\" data-widget_type=\"text-editor.default\">\n\t\t\t\t<div class=\"elementor-widget-container\">\n\t\t\t\t\t\t\t\t\t<p>Ja, das k\u00f6nnen Sie, vorausgesetzt, das Produkt ist unge\u00f6ffnet und unbenutzt innerhalb von 2 Wochen nach Lieferung des Produkts.<\/p>\n<p>Sollte das Produkt w\u00e4hrend des Transports besch\u00e4digt worden sein, kann es nach R\u00fccksprache jederzeit zur\u00fcckgeschickt werden. Bitte kontaktieren Sie uns dazu unter <a href=\"mailto:info@vegaqura.com\">info@vegaqura.com<\/a> siehe auch Lieferung oben. <\/p>\n\t\t\t\t\t\t\t\t<\/div>\n\t\t\t\t<\/div>\n\t\t\t\t<\/div>\n\t\t\t\t\t<\/details>\n\t\t\t\t\t\t<details id=\"e-n-accordion-item-2451\" class=\"e-n-accordion-item\" >\n\t\t\t\t<summary class=\"e-n-accordion-item-title\" data-accordion-index=\"2\" tabindex=\"-1\" aria-expanded=\"false\" aria-controls=\"e-n-accordion-item-2451\" >\n\t\t\t\t\t<span class='e-n-accordion-item-title-header'><div class=\"e-n-accordion-item-title-text\"> Wie kann ich ein Produkt zur\u00fcckgeben? <\/div><\/span>\n\t\t\t\t\t\t\t<span class='e-n-accordion-item-title-icon'>\n\t\t\t<span class='e-opened' ><svg xmlns=\"http:\/\/www.w3.org\/2000\/svg\" width=\"20\" height=\"20\" viewBox=\"0 0 20 20\" fill=\"none\"><path fill-rule=\"evenodd\" clip-rule=\"evenodd\" d=\"M9.29289 6.29289C9.65338 5.93241 10.2206 5.90468 10.6129 6.2097L10.7071 6.29289L15.7071 11.2929C16.0976 11.6834 16.0976 12.3166 15.7071 12.7071C15.3466 13.0676 14.7794 13.0953 14.3871 12.7903L14.2929 12.7071L10 8.415L5.70711 12.7071C5.34662 13.0676 4.77939 13.0953 4.3871 12.7903L4.29289 12.7071C3.93241 12.3466 3.90468 11.7794 4.2097 11.3871L4.29289 11.2929L9.29289 6.29289Z\" fill=\"currentColor\"><\/path><\/svg><\/span>\n\t\t\t<span class='e-closed'><svg xmlns=\"http:\/\/www.w3.org\/2000\/svg\" width=\"20\" height=\"20\" viewBox=\"0 0 20 20\" fill=\"none\"><path fill-rule=\"evenodd\" clip-rule=\"evenodd\" d=\"M4.29289 7.29289C4.65338 6.93241 5.22061 6.90468 5.6129 7.2097L5.70711 7.29289L10 11.585L14.2929 7.29289C14.6534 6.93241 15.2206 6.90468 15.6129 7.2097L15.7071 7.29289C16.0676 7.65338 16.0953 8.22061 15.7903 8.6129L15.7071 8.70711L10.7071 13.7071C10.3466 14.0676 9.77939 14.0953 9.3871 13.7903L9.29289 13.7071L4.29289 8.70711C3.90237 8.31658 3.90237 7.68342 4.29289 7.29289Z\" fill=\"currentColor\"><\/path><\/svg><\/span>\n\t\t<\/span>\n\n\t\t\t\t\t\t<\/summary>\n\t\t\t\t<div role=\"region\" aria-labelledby=\"e-n-accordion-item-2451\" class=\"elementor-element elementor-element-16152ef e-con-full e-flex e-con e-child\" data-id=\"16152ef\" data-element_type=\"container\">\n\t\t\t\t<div class=\"elementor-element elementor-element-fe7d634 elementor-widget elementor-widget-text-editor\" data-id=\"fe7d634\" data-element_type=\"widget\" data-widget_type=\"text-editor.default\">\n\t\t\t\t<div class=\"elementor-widget-container\">\n\t\t\t\t\t\t\t\t\t<p>Senden Sie eine E-Mail an <strong><a rel=\"noopener\">info@vegaqura.com<\/a><\/strong> mit der Betreffzeile <strong>&#8222;Return&#8220;<\/strong> und geben Sie Ihren Vor- und Nachnamen an.<\/p>\n<p>Bitte geben Sie deutlich an, welches Produkt Sie zur\u00fcckgeben m\u00f6chten. Sobald wir Ihre R\u00fccksendung erhalten und gepr\u00fcft haben, erstatten wir Ihnen den Kaufpreis innerhalb von <strong>7 Tagen<\/strong> zur\u00fcck, sofern dies gerechtfertigt ist. <\/p>\n\t\t\t\t\t\t\t\t<\/div>\n\t\t\t\t<\/div>\n\t\t\t\t<\/div>\n\t\t\t\t\t<\/details>\n\t\t\t\t\t<\/div>\n\t\t\t\t\t\t<\/div>\n\t\t\t\t<\/div>\n\t\t\t\t<\/div>\n\t\t\t\t\t<\/div>\n\t\t\t\t<\/div>\n\t\t\t\t<\/div>\n\t\t","protected":false},"excerpt":{"rendered":"<p>R\u00fcckkehr Einfache und problemlose R\u00fccksendung Ihrer Bestellung Wir von VegaQura setzen alles daran, Ihre Bestellung zu Ihrer Zufriedenheit zu liefern. Sollten Sie dennoch nicht ganz zufrieden sein, k\u00f6nnen Sie Ihre Bestellung innerhalb von 14 Tagen nach Erhalt problemlos zur\u00fccksenden. Vergewissern Sie sich, dass das Produkt unge\u00f6ffnet und in seinem urspr\u00fcnglichen Zustand ist. M\u00f6chten Sie eine [&hellip;]<\/p>\n","protected":false},"author":8,"featured_media":0,"parent":0,"menu_order":0,"comment_status":"closed","ping_status":"closed","template":"","meta":{"_acf_changed":false,"_improvement_type_select":"improve_an_existing","_thumb_yes_seoaic":false,"_frame_yes_seoaic":false,"seoaic_generate_description":"","seoaic_improve_instructions_prompt":"","seoaic_rollback_content_improvement":"","seoaic_idea_thumbnail_generator":"","thumbnail_generated":false,"thumbnail_generate_prompt":"","seoaic_article_description":"","footnotes":""},"class_list":["post-2859","page","type-page","status-publish","hentry"],"acf":[],"_links":{"self":[{"href":"https:\/\/vegaqura.com\/de\/wp-json\/wp\/v2\/pages\/2859","targetHints":{"allow":["GET"]}}],"collection":[{"href":"https:\/\/vegaqura.com\/de\/wp-json\/wp\/v2\/pages"}],"about":[{"href":"https:\/\/vegaqura.com\/de\/wp-json\/wp\/v2\/types\/page"}],"author":[{"embeddable":true,"href":"https:\/\/vegaqura.com\/de\/wp-json\/wp\/v2\/users\/8"}],"replies":[{"embeddable":true,"href":"https:\/\/vegaqura.com\/de\/wp-json\/wp\/v2\/comments?post=2859"}],"version-history":[{"count":4,"href":"https:\/\/vegaqura.com\/de\/wp-json\/wp\/v2\/pages\/2859\/revisions"}],"predecessor-version":[{"id":4467,"href":"https:\/\/vegaqura.com\/de\/wp-json\/wp\/v2\/pages\/2859\/revisions\/4467"}],"wp:attachment":[{"href":"https:\/\/vegaqura.com\/de\/wp-json\/wp\/v2\/media?parent=2859"}],"curies":[{"name":"wp","href":"https:\/\/api.w.org\/{rel}","templated":true}]}}