{"id":2826,"date":"2024-11-11T08:48:44","date_gmt":"2024-11-11T07:48:44","guid":{"rendered":"https:\/\/vegaqura.com\/datenschutzbestimmungen\/"},"modified":"2025-02-12T14:21:45","modified_gmt":"2025-02-12T13:21:45","slug":"datenschutzbestimmungen","status":"publish","type":"page","link":"https:\/\/vegaqura.com\/de\/datenschutzbestimmungen\/","title":{"rendered":"Datenschutzbestimmungen"},"content":{"rendered":"\t\t<div data-elementor-type=\"wp-page\" data-elementor-id=\"2826\" class=\"elementor elementor-2826 elementor-3\" data-elementor-post-type=\"page\">\n\t\t\t\t<div class=\"elementor-element elementor-element-e1d600a e-flex e-con-boxed e-con e-parent\" data-id=\"e1d600a\" data-element_type=\"container\">\n\t\t\t\t\t<div class=\"e-con-inner\">\n\t\t\t\t<div class=\"elementor-element elementor-element-652075f elementor-widget elementor-widget-heading\" data-id=\"652075f\" data-element_type=\"widget\" data-widget_type=\"heading.default\">\n\t\t\t\t<div class=\"elementor-widget-container\">\n\t\t\t\t\t<h1 class=\"elementor-heading-title elementor-size-default\">Datenschutzbestimmungen<\/h1>\t\t\t\t<\/div>\n\t\t\t\t<\/div>\n\t\t\t\t<div class=\"elementor-element elementor-element-28e80a7 elementor-widget elementor-widget-text-editor\" data-id=\"28e80a7\" data-element_type=\"widget\" data-widget_type=\"text-editor.default\">\n\t\t\t\t<div class=\"elementor-widget-container\">\n\t\t\t\t\t\t\t\t\t<p data-pm-slice=\"1 1 []\">Bei VegaQura legen wir Wert auf Ihre Privatsph\u00e4re und den Schutz Ihrer pers\u00f6nlichen Daten. In dieser Datenschutzerkl\u00e4rung erkl\u00e4ren wir, welche Daten wir sammeln, wie wir sie verwenden und wie wir Ihre Privatsph\u00e4re garantieren. Indem Sie unsere Website nutzen, erkl\u00e4ren Sie sich mit dieser Datenschutzrichtlinie einverstanden.  <\/p>\n<p data-pm-slice=\"1 1 []\">\n<h3><strong>Artikel 1 <\/strong>&#8211; <strong>Verantwortliche Partei<\/strong><\/h3>\n<p>Q-Health Europe V.O.F. Adresse:<br \/>Slotermeer 12, 8502 JT, Joure E-Mail Adresse:<strong><a href=\"mailto:info@vegaqura.com\">info@vegaqura.com<\/a><\/strong><\/p>\n<p>Handelskammernummer: 94015791 Umsatzsteuer-Identifikationsnummer: NL866604716B01<\/p>\n<\/p>\n<h3><strong>Artikel 2 <\/strong>&#8211;<strong> Von uns erfasste Daten<\/strong><\/h3>\n<p>Wir sammeln die folgenden Daten:<\/p>\n<ul data-spread=\"false\">\n<li>\n<p><strong>Pers\u00f6nliche Daten<\/strong>: Wie z.B. Name, Adresse, Telefonnummer und E-Mail-Adresse, z.B. wenn Sie eine Bestellung aufgeben oder ein Kontaktformular ausf\u00fcllen.<\/p>\n<\/li>\n<li>\n<p><strong>Nutzungsdaten<\/strong>: Informationen \u00fcber Ihre Nutzung unserer Website, wie IP-Adresse, Browserinformationen, besuchte Seiten und Dauer Ihrer Sitzung.<\/p>\n<\/li>\n<li>\n<p><strong>Cookies<\/strong>: Siehe Artikel 5 f\u00fcr weitere Informationen \u00fcber unsere Verwendung von Cookies.<\/p>\n<\/li>\n<\/ul>\n<h3> <\/h3>\n<h3><strong>Artikel 3 <\/strong>&#8211; <strong>Zwecke der Datenverarbeitung<\/strong><\/h3>\n<p>Wir verwenden Ihre Daten f\u00fcr die folgenden Zwecke:<\/p>\n<ul data-spread=\"false\">\n<li>\n<p>Bearbeitung und Versand Ihrer Bestellung.<\/p>\n<\/li>\n<li>\n<p>Kundenbetreuung.<\/p>\n<\/li>\n<li>\n<p>Verbesserung unserer Website und Dienstleistungen.<\/p>\n<\/li>\n<li>\n<p>Analyse des Besucherverhaltens \u00fcber Cookies und Analysetools.<\/p>\n<\/li>\n<li>\n<p>Marketingzwecke, wie z.B. personalisierte Werbung \u00fcber Google und Meta-Plattformen.<\/p>\n<\/li>\n<\/ul>\n<h3> <\/h3>\n<h3><strong>Artikel 4 <\/strong>&#8211; <strong>Weitergabe von Daten<\/strong><\/h3>\n<p>Ihre Daten werden nicht verkauft oder an Dritte weitergegeben, es sei denn, dies ist notwendig f\u00fcr:<\/p>\n<ul data-spread=\"false\">\n<li>\n<p>Erf\u00fcllung einer Bestellung (z.B. Versandpartner und Zahlungsanbieter Mollie).<\/p>\n<\/li>\n<li>\n<p>Verbesserung unserer Marketingaktivit\u00e4ten (z.B. Google Analytics und Meta-pixels).<\/p>\n<\/li>\n<li>\n<p>Erf\u00fcllung gesetzlicher Verpflichtungen.<\/p>\n<\/li>\n<\/ul>\n<h3> <\/h3>\n<h3><strong>Artikel 5 <\/strong>&#8211; <strong>Cookies<\/strong><\/h3>\n<p>Wir verwenden Cookies, um unsere Website zu verbessern und sie besser auf Ihre Bed\u00fcrfnisse abzustimmen. Im Folgenden erkl\u00e4ren wir die Verwendung von Cookies: <\/p>\n<ul data-spread=\"false\">\n<li>\n<p><strong>Funktionale Cookies<\/strong>: Diese werden f\u00fcr grundlegende Funktionen unserer Website ben\u00f6tigt, z. B. f\u00fcr die Speicherung Ihres Warenkorbs.<\/p>\n<\/li>\n<li>\n<p><strong>Analytische Cookies<\/strong>: Wir verwenden Google Analytics und Tag Manager, um zu verstehen, wie Besucher unsere Website nutzen. Dies hilft uns, das Benutzererlebnis zu verbessern. <\/p>\n<\/li>\n<li>\n<p><strong>Marketing-Cookies<\/strong>: Wir verwenden Cookies von Google Ads und Meta (Facebook und Instagram), um gezielte Werbung anzuzeigen, die Ihren Interessen entspricht.<\/p>\n<\/li>\n<\/ul>\n<p><strong>Cookie-Einstellungen:<\/strong> Wenn Sie unsere Website zum ersten Mal besuchen, k\u00f6nnen Sie w\u00e4hlen, welche Cookies Sie akzeptieren m\u00f6chten. Sie k\u00f6nnen Ihre Pr\u00e4ferenzen jederzeit in den Cookie-Einstellungen Ihres Browsers \u00e4ndern. <\/p>\n<h3> <\/h3>\n<h3><strong>Artikel 6 <\/strong>&#8211;<strong> Aufbewahrungsfristen<\/strong><\/h3>\n<p>Wir bewahren Ihre Daten nicht l\u00e4nger auf, als es f\u00fcr die Zwecke, f\u00fcr die sie erhoben wurden, erforderlich ist, es sei denn, gesetzliche Verpflichtungen erfordern eine l\u00e4ngere Aufbewahrungsfrist.<\/p>\n<h3> <\/h3>\n<h3><strong>Artikel 7 <\/strong>&#8211;<strong> Ihre Rechte<\/strong><\/h3>\n<p>Sie haben das Recht dazu:<\/p>\n<ul data-spread=\"false\">\n<li>\n<p>Zugang zu Ihren pers\u00f6nlichen Daten beantragen.<\/p>\n<\/li>\n<li>\n<p>Korrektur oder L\u00f6schung Ihrer Daten beantragen.<\/p>\n<\/li>\n<li>\n<p>Antrag auf Einschr\u00e4nkung der Verarbeitung.<\/p>\n<\/li>\n<li>\n<p>Widerspruch gegen die Datenverarbeitung.<\/p>\n<\/li>\n<li>\n<p>Ihre Daten an eine andere Partei \u00fcbertragen lassen (Daten\u00fcbertragbarkeit).<\/p>\n<\/li>\n<\/ul>\n<p>Um diese Rechte auszu\u00fcben, kontaktieren Sie uns bitte unter <a><strong>info@vegaqura.com<\/strong><\/a>. Wir werden Ihre Anfrage innerhalb von 14 Tagen beantworten. <\/p>\n<h3> <\/h3>\n<h3><strong>Artikel 8 <\/strong>&#8211;<strong> Datensicherheit<\/strong><\/h3>\n<p>Wir treffen geeignete technische und organisatorische Ma\u00dfnahmen, um Ihre pers\u00f6nlichen Daten vor Verlust, Diebstahl oder unbefugtem Zugriff zu sch\u00fctzen. Dazu geh\u00f6ren sichere Verbindungen (SSL) und eine strenge Zugangskontrolle. <\/p>\n<h3> <\/h3>\n<h3><strong>Artikel 9 <\/strong>&#8211; <strong>\u00c4nderungen der Datenschutzbestimmungen<\/strong><\/h3>\n<p>VegaQura beh\u00e4lt sich das Recht vor, diese Datenschutzrichtlinie zu \u00e4ndern. Wir empfehlen, diese Richtlinie regelm\u00e4\u00dfig zu lesen. \u00c4nderungen treten unmittelbar nach der Ver\u00f6ffentlichung auf unserer Website in Kraft.  <\/p>\n<h3> <\/h3>\n<h3><strong>Artikel 10 <\/strong>&#8211;<strong> Kontakt<\/strong><\/h3>\n<p>Bei Fragen zu unserer Datenschutzpolitik oder der Verarbeitung Ihrer Daten wenden Sie sich bitte an uns: E-Mail Adresse: <a><strong>info@vegaqura.com<\/strong><\/a><\/p>\n<p>Wir sind bereit, Ihnen zu helfen!<\/p>\n\t\t\t\t\t\t\t\t<\/div>\n\t\t\t\t<\/div>\n\t\t\t\t\t<\/div>\n\t\t\t\t<\/div>\n\t\t\t\t<\/div>\n\t\t","protected":false},"excerpt":{"rendered":"<p>Bei VegaQura legen wir Wert auf Ihre Privatsph\u00e4re und den Schutz Ihrer pers\u00f6nlichen Daten. In dieser Datenschutzerkl\u00e4rung erkl\u00e4ren wir, welche Daten wir sammeln, wie wir sie verwenden und wie wir Ihre Privatsph\u00e4re garantieren. Indem Sie unsere Website nutzen, erkl\u00e4ren Sie sich mit dieser Datenschutzrichtlinie einverstanden. Artikel 1 &#8211; Verantwortliche Partei Q-Health Europe V.O.F. Adresse:Slotermeer 12, [&hellip;]<\/p>\n","protected":false},"author":1,"featured_media":0,"parent":0,"menu_order":0,"comment_status":"closed","ping_status":"closed","template":"","meta":{"_acf_changed":false,"_improvement_type_select":"improve_an_existing","_thumb_yes_seoaic":false,"_frame_yes_seoaic":false,"seoaic_generate_description":"","seoaic_improve_instructions_prompt":"","seoaic_rollback_content_improvement":"","seoaic_idea_thumbnail_generator":"","thumbnail_generated":false,"thumbnail_generate_prompt":"","seoaic_article_description":"","footnotes":""},"class_list":["post-2826","page","type-page","status-publish","hentry"],"acf":[],"_links":{"self":[{"href":"https:\/\/vegaqura.com\/de\/wp-json\/wp\/v2\/pages\/2826","targetHints":{"allow":["GET"]}}],"collection":[{"href":"https:\/\/vegaqura.com\/de\/wp-json\/wp\/v2\/pages"}],"about":[{"href":"https:\/\/vegaqura.com\/de\/wp-json\/wp\/v2\/types\/page"}],"author":[{"embeddable":true,"href":"https:\/\/vegaqura.com\/de\/wp-json\/wp\/v2\/users\/1"}],"replies":[{"embeddable":true,"href":"https:\/\/vegaqura.com\/de\/wp-json\/wp\/v2\/comments?post=2826"}],"version-history":[{"count":1,"href":"https:\/\/vegaqura.com\/de\/wp-json\/wp\/v2\/pages\/2826\/revisions"}],"predecessor-version":[{"id":2828,"href":"https:\/\/vegaqura.com\/de\/wp-json\/wp\/v2\/pages\/2826\/revisions\/2828"}],"wp:attachment":[{"href":"https:\/\/vegaqura.com\/de\/wp-json\/wp\/v2\/media?parent=2826"}],"curies":[{"name":"wp","href":"https:\/\/api.w.org\/{rel}","templated":true}]}}